{"id":975,"date":"2016-10-07T13:21:46","date_gmt":"2016-10-07T13:21:46","guid":{"rendered":"http:\/\/dentalia.orionthemes.com\/demo-1\/?page_id=975"},"modified":"2026-02-17T12:38:50","modified_gmt":"2026-02-17T11:38:50","slug":"about","status":"publish","type":"page","link":"https:\/\/www.eurodental.sk\/?page_id=975","title":{"rendered":"o n\u00e1s"},"content":{"rendered":"<div id=\"pl-975\"  class=\"panel-layout\" ><div id=\"pg-975-0\"  class=\"panel-grid panel-has-style\" ><div class=\"vertical_up orion-parallax siteorigin-panels-stretch orion-separator bottom-svg-6 bottom-svg-inside divider-no-animation tablet-default mobile-1-in-row desktop-default overlay-fade-light custom panel-row-style panel-row-style-for-975-0\" data-stretch-type=\"full-width-stretch\" ><div id=\"pgc-975-0-0\"  class=\"panel-grid-cell\" ><div id=\"panel-975-0-0-0\" class=\"so-panel widget widget_orion_empty_space_w panel-first-child panel-last-child\" data-index=\"0\" ><div class=\"orion bg-sitebg remove-margin-mobile default panel-widget-style panel-widget-style-for-975-0-0-0\" ><div\n\t\t\t\n\t\t\tclass=\"so-widget-orion_empty_space_w so-widget-orion_empty_space_w-base\"\n\t\t\t\n\t\t>\t<div class=\"row empty-space visible-lg visible-md\" style=\"height:130px;\">\r\n\t<\/div><\/div><\/div><\/div><\/div><\/div><\/div><div id=\"pg-975-1\"  class=\"panel-grid panel-has-style\" ><div class=\"divider-no-animation tablet-1-in-row mobile-1-in-row desktop-default custom panel-row-style panel-row-style-for-975-1\" ><div id=\"pgc-975-1-0\"  class=\"panel-grid-cell\" ><div id=\"panel-975-1-0-0\" class=\"so-panel widget widget_orion_heading_w panel-first-child\" data-index=\"1\" ><div class=\"orion custom mobile-text-center tablets-text-center default panel-widget-style panel-widget-style-for-975-1-0-0\" ><div\n\t\t\t\n\t\t\tclass=\"so-widget-orion_heading_w so-widget-orion_heading_w-base\"\n\t\t\t\n\t\t> \r\n\t\t\t<div class=\"row orion-heading\" style=\"margin-bottom:0px;\">\r\n\t\t<div class=\"col-md-12  separator-style-1 text-left style-h6 style-text-dark\">\r\n\t\t\t<h6 class=\"text-dark text-uppercase\">\r\n\t\t\t\tSme Euro Dental\t\t\t<\/h6>\r\n\t\t<\/div>\r\n\t<\/div>\r\n\r\n\t<\/div><\/div><\/div><div id=\"panel-975-1-0-1\" class=\"so-panel widget widget_orion_heading_w\" data-index=\"2\" ><div class=\"orion custom mobile-text-center tablets-text-center default panel-widget-style panel-widget-style-for-975-1-0-1\" ><div\n\t\t\t\n\t\t\tclass=\"so-widget-orion_heading_w so-widget-orion_heading_w-base\"\n\t\t\t\n\t\t> \r\n\t\t\t<div class=\"row orion-heading\" style=\"margin-bottom:0px;\">\r\n\t\t<div class=\"col-md-12   text-left style-h2 style-text-dark\">\r\n\t\t\t<h2 class=\"text-dark\">\r\n\t\t\t\tU\u017e od roku 2009 prin\u00e1\u0161ame odborn\u00fa starostlivos\u0165 o v\u00e1\u0161 \u00fasmev\t\t\t<\/h2>\r\n\t\t<\/div>\r\n\t<\/div>\r\n\r\n\t<\/div><\/div><\/div><div id=\"panel-975-1-0-2\" class=\"so-panel widget widget_sow-editor\" data-index=\"3\" ><div class=\"orion custom mobile-text-center tablets-text-center default panel-widget-style panel-widget-style-for-975-1-0-2\" ><div\n\t\t\t\n\t\t\tclass=\"so-widget-sow-editor so-widget-sow-editor-base\"\n\t\t\t\n\t\t>\n<div class=\"siteorigin-widget-tinymce textwidget\">\n\t<p class=\"p1\"><b>Euro Dental je modern\u00e1 stomatologick\u00e1 klinika v Bratislave, kde ver\u00edme v individu\u00e1lny pr\u00edstup ku ka\u017ed\u00e9mu pacientovi. Pon\u00fakame kompletn\u00fa zubn\u00fa starostlivos\u0165, bezbolestn\u00e9 o\u0161etrenia a rie\u0161enia, ktor\u00e9 vracaj\u00fa \u00fasmev aj sebavedomie.<\/b><\/p>\n<\/div>\n<\/div><\/div><\/div><div id=\"panel-975-1-0-3\" class=\"so-panel widget widget_orion_empty_space_w panel-last-child\" data-index=\"4\" ><div class=\"orion bg-sitebg default panel-widget-style panel-widget-style-for-975-1-0-3\" ><div\n\t\t\t\n\t\t\tclass=\"so-widget-orion_empty_space_w so-widget-orion_empty_space_w-base\"\n\t\t\t\n\t\t>\t<div class=\"row empty-space visible-lg visible-md visible-sm visible-xs\" style=\"height:20px;\">\r\n\t<\/div><\/div><\/div><\/div><\/div><div id=\"pgc-975-1-1\"  class=\"panel-grid-cell\" ><div id=\"panel-975-1-1-0\" class=\"so-panel widget widget_orion_image_w panel-first-child panel-last-child\" data-index=\"5\" ><div class=\"orion custom mobile-text-center tablets-text-center default panel-widget-style panel-widget-style-for-975-1-1-0\" ><div\n\t\t\t\n\t\t\tclass=\"so-widget-orion_image_w so-widget-orion_image_w-base\"\n\t\t\t\n\t\t>\r\n<div class=\"image-w relative\">\r\n\r\n\t\t\t\t\t\t\t<div class=\"orion_carousel overlay-none overlay-hover-none\">\r\n\t\t\r\n\t\t\t\t\t<img loading=\"lazy\" decoding=\"async\" width=\"750\" height=\"500\" src=\"https:\/\/www.eurodental.sk\/wp-content\/uploads\/2026\/02\/WhatsApp-Image-2026-02-08-at-13.21.16-750x500.jpeg\" class=\"attachment-orion_carousel size-orion_carousel\" alt=\"\" \/>\t\t\t<div class=\"overlay\"><\/div>\r\n\t\t\r\n\t\t\t\t\t<\/div>\r\n\t\t\t\r\n\t\r\n\t<div class=\"absolute\">\r\n\t\t<div class=\"hover-desc table-wrap\">\r\n\t\t\t<div class=\"cell-wrap\">\r\n\t\t\t\t<h4 class=\"text-light\"><\/h4>\r\n\t\t\t<\/div>\r\n\t\t<\/div>\r\n\t<\/div>\t\t\t\t\t\r\n<\/div>\r\n\r\n<\/div><\/div><\/div><\/div><\/div><\/div><div id=\"pg-975-2\"  class=\"panel-grid panel-has-style\" ><div class=\"divider-no-animation tablet-1-in-row mobile-1-in-row desktop-default custom panel-row-style panel-row-style-for-975-2\" ><div id=\"pgc-975-2-0\"  class=\"panel-grid-cell\" ><div id=\"panel-975-2-0-0\" class=\"so-panel widget widget_orion_image_w panel-first-child\" data-index=\"6\" ><div class=\"orion custom default panel-widget-style panel-widget-style-for-975-2-0-0\" ><div\n\t\t\t\n\t\t\tclass=\"so-widget-orion_image_w so-widget-orion_image_w-base\"\n\t\t\t\n\t\t>\r\n<div class=\"image-w relative\">\r\n\r\n\t\t\t\t\t\t\t<div class=\"orion_carousel overlay-none overlay-hover-none\">\r\n\t\t\r\n\t\t\t\t\t<img loading=\"lazy\" decoding=\"async\" width=\"750\" height=\"500\" src=\"https:\/\/www.eurodental.sk\/wp-content\/uploads\/2025\/12\/IMG_4639-750x500.jpg\" class=\"attachment-orion_carousel size-orion_carousel\" alt=\"\" \/>\t\t\t<div class=\"overlay\"><\/div>\r\n\t\t\r\n\t\t\t\t\t<\/div>\r\n\t\t\t\r\n\t\r\n\t<div class=\"absolute\">\r\n\t\t<div class=\"hover-desc table-wrap\">\r\n\t\t\t<div class=\"cell-wrap\">\r\n\t\t\t\t<h4 class=\"text-light\"><\/h4>\r\n\t\t\t<\/div>\r\n\t\t<\/div>\r\n\t<\/div>\t\t\t\t\t\r\n<\/div>\r\n\r\n<\/div><\/div><\/div><div id=\"panel-975-2-0-1\" class=\"so-panel widget widget_orion_empty_space_w panel-last-child\" data-index=\"7\" ><div class=\"orion custom default panel-widget-style panel-widget-style-for-975-2-0-1\" ><div\n\t\t\t\n\t\t\tclass=\"so-widget-orion_empty_space_w so-widget-orion_empty_space_w-base\"\n\t\t\t\n\t\t>\t<div class=\"row empty-space visible-sm visible-xs\" style=\"height:48px;\">\r\n\t<\/div><\/div><\/div><\/div><\/div><div id=\"pgc-975-2-1\"  class=\"panel-grid-cell\" ><div id=\"panel-975-2-1-0\" class=\"so-panel widget widget_sow-editor panel-first-child\" data-index=\"8\" ><div class=\"orion custom mobile-text-center tablets-text-center default panel-widget-style panel-widget-style-for-975-2-1-0\" ><div\n\t\t\t\n\t\t\tclass=\"so-widget-sow-editor so-widget-sow-editor-base\"\n\t\t\t\n\t\t><h3 class=\"widget-title\">NA\u0160E POSLANIE<\/h3>\n<div class=\"siteorigin-widget-tinymce textwidget\">\n\t<p>Na\u0161\u00edm poslan\u00edm je stara\u0165 sa o v\u00e1s tak, aby ste sa u n\u00e1s c\u00edtili pr\u00edjemne a v bezpe\u010d\u00ed. Chceme, aby ste mali zdrav\u00fd \u00fasmev, na ktor\u00fd m\u00f4\u017eete by\u0165 hrd\u00ed, a preto ku ka\u017ed\u00e9mu pristupujeme osobne \u2013 s trpezlivos\u0165ou, pochopen\u00edm a ochotou v\u0161etko vysvetli\u0165. Ver\u00edme, \u017ee dobr\u00fd vz\u0165ah medzi lek\u00e1rom a pacientom je z\u00e1kladom kvalitnej starostlivosti, a preto sa u n\u00e1s v\u017edy m\u00f4\u017eete spo\u013eahn\u00fa\u0165 na \u00faprimn\u00fd, otvoren\u00fd a citliv\u00fd pr\u00edstup.<\/p>\n<\/div>\n<\/div><\/div><\/div><div id=\"panel-975-2-1-1\" class=\"so-panel widget widget_sow-editor panel-last-child\" data-index=\"9\" ><div class=\"orion custom mobile-text-center tablets-text-center default panel-widget-style panel-widget-style-for-975-2-1-1\" ><div\n\t\t\t\n\t\t\tclass=\"so-widget-sow-editor so-widget-sow-editor-base\"\n\t\t\t\n\t\t><h3 class=\"widget-title\">NA\u0160E POSTUPY<\/h3>\n<div class=\"siteorigin-widget-tinymce textwidget\">\n\t<p>Pri ka\u017edom o\u0161etren\u00ed db\u00e1me na to, aby ste sa c\u00edtili \u010do najkomfortnej\u0161ie. Pracujeme s modern\u00fdmi technol\u00f3giami, ktor\u00e9 pom\u00e1haj\u00fa skr\u00e1ti\u0165 \u010das v kresle a z\u00e1rove\u0148 zv\u00fd\u0161i\u0165 presnos\u0165 a \u0161etrnos\u0165 z\u00e1krokov. Cel\u00fd postup v\u00e1m v\u017edy vopred vysvetl\u00edme, aby ste presne vedeli, \u010do v\u00e1s \u010dak\u00e1, a mali istotu, \u017ee ste v dobr\u00fdch ruk\u00e1ch. U n\u00e1s nejde len o zuby \u2013 ide o v\u00e1\u0161 pocit pokoja a d\u00f4very po\u010das celej n\u00e1v\u0161tevy.<\/p>\n<\/div>\n<\/div><\/div><\/div><\/div><\/div><\/div><div id=\"pg-975-3\"  class=\"panel-grid panel-has-style\" ><div class=\"divider-no-animation tablet-default mobile-default desktop-default custom panel-row-style panel-row-style-for-975-3\" ><div id=\"pgc-975-3-0\"  class=\"panel-grid-cell\" ><div id=\"panel-975-3-0-0\" class=\"so-panel widget widget_orion_empty_space_w panel-first-child panel-last-child\" data-index=\"10\" ><div class=\"orion custom default panel-widget-style panel-widget-style-for-975-3-0-0\" ><div\n\t\t\t\n\t\t\tclass=\"so-widget-orion_empty_space_w so-widget-orion_empty_space_w-base\"\n\t\t\t\n\t\t>\t<div class=\"row empty-space visible-lg visible-md visible-sm visible-xs\" style=\"height:72px;\">\r\n\t<\/div><\/div><\/div><\/div><\/div><\/div><\/div><div id=\"pg-975-4\"  class=\"panel-grid panel-has-style\" ><div class=\"divider-no-animation tablet-default mobile-default desktop-default custom panel-row-style panel-row-style-for-975-4\" ><div id=\"pgc-975-4-0\"  class=\"panel-grid-cell\" ><div id=\"panel-975-4-0-0\" class=\"so-panel widget widget_orion_image_w panel-first-child panel-last-child\" data-index=\"11\" ><div class=\"orion custom default panel-widget-style panel-widget-style-for-975-4-0-0\" ><div\n\t\t\t\n\t\t\tclass=\"so-widget-orion_image_w so-widget-orion_image_w-base\"\n\t\t\t\n\t\t>\r\n<div class=\"image-w relative\">\r\n\r\n\t\t\t\t\t\t\t<div class=\"orion_carousel overlay-none overlay-hover-none\">\r\n\t\t\r\n\t\t\t\t\t<img loading=\"lazy\" decoding=\"async\" width=\"750\" height=\"500\" src=\"https:\/\/www.eurodental.sk\/wp-content\/uploads\/2026\/02\/WhatsApp-Image-2026-02-16-at-12.33.42-750x500.jpeg\" class=\"attachment-orion_carousel size-orion_carousel\" alt=\"\" \/>\t\t\t<div class=\"overlay\"><\/div>\r\n\t\t\r\n\t\t\t\t\t<\/div>\r\n\t\t\t\r\n\t\r\n\t<div class=\"absolute\">\r\n\t\t<div class=\"hover-desc table-wrap\">\r\n\t\t\t<div class=\"cell-wrap\">\r\n\t\t\t\t<h4 class=\"text-light\"><\/h4>\r\n\t\t\t<\/div>\r\n\t\t<\/div>\r\n\t<\/div>\t\t\t\t\t\r\n<\/div>\r\n\r\n<\/div><\/div><\/div><\/div><div id=\"pgc-975-4-1\"  class=\"panel-grid-cell\" ><div id=\"panel-975-4-1-0\" class=\"so-panel widget widget_text panel-first-child panel-last-child\" data-index=\"12\" ><div class=\"orion custom default panel-widget-style panel-widget-style-for-975-4-1-0\" ><h3 class=\"widget-title\">Bezpe\u010dnos\u0165 a sterilita<\/h3>\t\t\t<div class=\"textwidget\"><p class=\"p3\">Bezpe\u010dnos\u0165 pacientov je u n\u00e1s na prvom mieste. Pri ka\u017edom o\u0161etren\u00ed pou\u017e\u00edvame d\u00f4kladne vydezinfikovan\u00e9 a steriln\u00e9 n\u00e1stroje a pracujeme s kvalitn\u00fdmi, overen\u00fdmi materi\u00e1lmi. V ambulancii dodr\u017eiavame pr\u00edsne hygienick\u00e9 postupy a v\u0161etky pom\u00f4cky pravidelne \u010dist\u00edme a dezinfikujeme pod\u013ea \u0161tandardov.<\/p>\n<p>S\u00fa\u010das\u0165ou na\u0161ej prev\u00e1dzky je aj samostatn\u00e1 steriliza\u010dn\u00e1 miestnos\u0165, kde prebieha kompletn\u00fd proces \u010distenia, balenia a steriliz\u00e1cie n\u00e1strojov, aby bolo ka\u017ed\u00e9 o\u0161etrenie maxim\u00e1lne bezpe\u010dn\u00e9.<\/p>\n<\/div>\n\t\t<\/div><\/div><\/div><div id=\"pgc-975-4-2\"  class=\"panel-grid-cell\" ><div id=\"panel-975-4-2-0\" class=\"so-panel widget widget_orion_image_w panel-first-child panel-last-child\" data-index=\"13\" ><div class=\"orion custom default panel-widget-style panel-widget-style-for-975-4-2-0\" ><div\n\t\t\t\n\t\t\tclass=\"so-widget-orion_image_w so-widget-orion_image_w-base\"\n\t\t\t\n\t\t>\r\n<div class=\"image-w relative\">\r\n\r\n\t\t\t\t\t\t\t<div class=\"orion_carousel overlay-none overlay-hover-none\">\r\n\t\t\r\n\t\t\t\t\t<img loading=\"lazy\" decoding=\"async\" width=\"750\" height=\"500\" src=\"https:\/\/www.eurodental.sk\/wp-content\/uploads\/2026\/02\/WhatsApp-Image-2026-02-16-at-20.07.39-750x500.jpeg\" class=\"attachment-orion_carousel size-orion_carousel\" alt=\"\" \/>\t\t\t<div class=\"overlay\"><\/div>\r\n\t\t\r\n\t\t\t\t\t<\/div>\r\n\t\t\t\r\n\t\r\n\t<div class=\"absolute\">\r\n\t\t<div class=\"hover-desc table-wrap\">\r\n\t\t\t<div class=\"cell-wrap\">\r\n\t\t\t\t<h4 class=\"text-light\"><\/h4>\r\n\t\t\t<\/div>\r\n\t\t<\/div>\r\n\t<\/div>\t\t\t\t\t\r\n<\/div>\r\n\r\n<\/div><\/div><\/div><\/div><\/div><\/div><div id=\"pg-975-5\"  class=\"panel-grid panel-has-style\" ><div class=\"divider-no-animation tablet-default mobile-default desktop-default custom panel-row-style panel-row-style-for-975-5\" ><div id=\"pgc-975-5-0\"  class=\"panel-grid-cell\" ><div id=\"panel-975-5-0-0\" class=\"so-panel widget widget_orion_empty_space_w panel-first-child panel-last-child\" data-index=\"14\" ><div class=\"orion custom default panel-widget-style panel-widget-style-for-975-5-0-0\" ><div\n\t\t\t\n\t\t\tclass=\"so-widget-orion_empty_space_w so-widget-orion_empty_space_w-base\"\n\t\t\t\n\t\t>\t<div class=\"row empty-space visible-lg visible-md visible-sm visible-xs\" style=\"height:95px;\">\r\n\t<\/div><\/div><\/div><\/div><\/div><\/div><\/div><\/div>","protected":false},"excerpt":{"rendered":"<p>Euro Dental je modern\u00e1 stomatologick\u00e1 klinika v Bratislave, kde ver\u00edme v individu\u00e1lny pr\u00edstup ku ka\u017ed\u00e9mu pacientovi. Pon\u00fakame kompletn\u00fa zubn\u00fa starostlivos\u0165, bezbolestn\u00e9 o\u0161etrenia a rie\u0161enia, ktor\u00e9 vracaj\u00fa \u00fasmev aj sebavedomie.<\/p>\n","protected":false},"author":1,"featured_media":0,"parent":0,"menu_order":0,"comment_status":"closed","ping_status":"closed","template":"","meta":{"footnotes":""},"class_list":["post-975","page","type-page","status-publish","hentry"],"_links":{"self":[{"href":"https:\/\/www.eurodental.sk\/index.php?rest_route=\/wp\/v2\/pages\/975","targetHints":{"allow":["GET"]}}],"collection":[{"href":"https:\/\/www.eurodental.sk\/index.php?rest_route=\/wp\/v2\/pages"}],"about":[{"href":"https:\/\/www.eurodental.sk\/index.php?rest_route=\/wp\/v2\/types\/page"}],"author":[{"embeddable":true,"href":"https:\/\/www.eurodental.sk\/index.php?rest_route=\/wp\/v2\/users\/1"}],"replies":[{"embeddable":true,"href":"https:\/\/www.eurodental.sk\/index.php?rest_route=%2Fwp%2Fv2%2Fcomments&post=975"}],"version-history":[{"count":32,"href":"https:\/\/www.eurodental.sk\/index.php?rest_route=\/wp\/v2\/pages\/975\/revisions"}],"predecessor-version":[{"id":3481,"href":"https:\/\/www.eurodental.sk\/index.php?rest_route=\/wp\/v2\/pages\/975\/revisions\/3481"}],"wp:attachment":[{"href":"https:\/\/www.eurodental.sk\/index.php?rest_route=%2Fwp%2Fv2%2Fmedia&parent=975"}],"curies":[{"name":"wp","href":"https:\/\/api.w.org\/{rel}","templated":true}]}}