{"id":3411,"date":"2026-02-16T09:32:53","date_gmt":"2026-02-16T08:32:53","guid":{"rendered":"http:\/\/temp.eurodental.sk\/?page_id=3411"},"modified":"2026-03-13T10:01:58","modified_gmt":"2026-03-13T09:01:58","slug":"preventivna-prehliadka","status":"publish","type":"page","link":"https:\/\/www.eurodental.sk\/?page_id=3411","title":{"rendered":"Prevent\u00edvna prehliadka"},"content":{"rendered":"<div id=\"pl-gb3411-69f4a9ef21ae3\"  class=\"panel-layout\" ><div id=\"pg-gb3411-69f4a9ef21ae3-0\"  class=\"panel-grid panel-has-style\" ><div class=\"divider-no-animation tablet-default mobile-default desktop-default custom panel-row-style panel-row-style-for-gb3411-69f4a9ef21ae3-0\" ><div id=\"pgc-gb3411-69f4a9ef21ae3-0-0\"  class=\"panel-grid-cell\" ><div id=\"panel-gb3411-69f4a9ef21ae3-0-0-0\" class=\"so-panel widget widget_text panel-first-child panel-last-child\" data-index=\"0\" ><div class=\"orion custom default panel-widget-style panel-widget-style-for-gb3411-69f4a9ef21ae3-0-0-0\" >\t\t\t<div class=\"textwidget\"><h2><b>Prevent\u00edvna prehliadka<\/b><\/h2>\n<p class=\"p3\">Aby ste si udr\u017eali zuby a \u010fasn\u00e1 dlhodobo zdrav\u00e9, nesta\u010d\u00ed len pravideln\u00e9 \u010distenie. D\u00f4le\u017eit\u00e9 s\u00fa aj pravideln\u00e9 kontroly u zubn\u00e9ho lek\u00e1ra. Ro\u010dn\u00e1 prevent\u00edvna prehliadka je najjednoduch\u0161\u00ed sp\u00f4sob, ako zachyti\u0165 probl\u00e9my v\u010das a pred\u00eds\u0165 v\u00e4\u010d\u0161\u00edm z\u00e1krokom.<\/p>\n<p class=\"p3\">Po\u010das prevent\u00edvnej prehliadky skontrolujeme cel\u00fa \u00fastnu dutinu \u2013 zuby, \u010fasn\u00e1, sliznice a m\u00e4kk\u00e9 tkaniv\u00e1. H\u013ead\u00e1me za\u010d\u00ednaj\u00face kazy, nadmern\u00e9 opotrebovanie skloviny, kr\u010dkov\u00e9 defekty (\u010dasto sp\u00f4soben\u00e9 nespr\u00e1vnou technikou \u010distenia alebo stravou) a tie\u017e zlozvyky ako \u0161kr\u00edpanie zubami. Skontrolujeme aj jazyk, pery, l\u00edca a okolit\u00e9 oblasti. Pod\u013ea potreby dopln\u00edme r\u00f6ntgenov\u00e9 sn\u00edmky. Na z\u00e1ver v\u00e1m odporu\u010d\u00edme vhodn\u00fa lie\u010dbu, mo\u017enosti o\u0161etrenia a dohodneme \u010fal\u0161\u00ed postup alebo lie\u010debn\u00fd pl\u00e1n.<\/p>\n<p class=\"p1\"><b>Ako \u010dasto m\u00e1te n\u00e1rok na prevent\u00edvnu prehliadku<\/b><b><\/b><\/p>\n<p class=\"p3\">Zo z\u00e1kona m\u00e1 ka\u017ed\u00fd ob\u010dan Slovenskej republiky pr\u00e1vo na prevent\u00edvnu prehliadku. Prevent\u00edvnu zubn\u00fa prehliadku vykon\u00e1va lek\u00e1r so \u0161pecializ\u00e1ciou v odbore stomatol\u00f3gia:<\/p>\n<ul>\n<li>\n<p class=\"p1\">u det\u00ed a mladistv\u00fdch do 18 rokov <span class=\"s1\"><b>dvakr\u00e1t ro\u010dne<\/b><b><\/b><\/span><\/p>\n<\/li>\n<li>\n<p class=\"p1\">u dospel\u00fdch <span class=\"s1\"><b>raz ro\u010dne<\/b><b><\/b><\/span><\/p>\n<\/li>\n<li>\n<p class=\"p1\">u tehotn\u00fdch \u017eien <span class=\"s1\"><b>dvakr\u00e1t po\u010das tehotenstva<\/b><\/span> (na za\u010diatku a pred koncom)<\/p>\n<\/li>\n<\/ul>\n<p>&nbsp;<\/p>\n<p class=\"p1\"><b>\u010co m\u00f4\u017ee by\u0165 s\u00fa\u010das\u0165ou prehliadky<\/b><b><\/b><\/p>\n<p class=\"p3\">Prevent\u00edvna prehliadka zah\u0155\u0148a vy\u0161etrenie chrupu, slizn\u00edc a m\u00e4kk\u00fdch tkan\u00edv \u00fastnej dutiny, kontrolu zubn\u00fdch n\u00e1hrad, zhodnotenie \u00fastnej hygieny a hygienick\u00fdch n\u00e1vykov a ur\u010denie indexov (KPE, PBI). V pr\u00edpade potreby vieme z\u00e1rove\u0148 odstr\u00e1ni\u0165 povlak alebo zubn\u00fd kame\u0148 a o\u0161etri\u0165 zubn\u00fd kaz.<\/p>\n<p class=\"p3\">Ak m\u00e1 poistenec absolvovan\u00e9 prevent\u00edvne prehliadky v predch\u00e1dzaj\u00facom kalend\u00e1rnom roku, zdravotn\u00e1 pois\u0165ov\u0148a m\u00f4\u017ee <span class=\"s2\"><b>\u010diasto\u010dne prispie\u0165<\/b><\/span> na o\u0161etrenie zubn\u00e9ho kazu.<\/p>\n<\/div>\n\t\t<\/div><\/div><\/div><div id=\"pgc-gb3411-69f4a9ef21ae3-0-1\"  class=\"panel-grid-cell\" ><div id=\"panel-gb3411-69f4a9ef21ae3-0-1-0\" class=\"so-panel widget widget_orion_image_w panel-first-child panel-last-child\" data-index=\"1\" ><div class=\"orion custom default panel-widget-style panel-widget-style-for-gb3411-69f4a9ef21ae3-0-1-0\" ><div\n\t\t\t\n\t\t\tclass=\"so-widget-orion_image_w so-widget-orion_image_w-base\"\n\t\t\t\n\t\t>\r\n<div class=\"image-w relative rounded\">\r\n\r\n\t\t\t\t\t\t\t<div class=\"orion_circle image-wrap rounded overlay-none overlay-hover-none\">\r\n\t\t\r\n\t\t\t\t<div class=\"circle-wrap\">\r\n\t\t\t\t\t<img loading=\"lazy\" decoding=\"async\" width=\"750\" height=\"750\" src=\"https:\/\/www.eurodental.sk\/wp-content\/uploads\/2025\/12\/IMG_4639-750x750.jpg\" class=\"attachment-orion_square size-orion_square\" alt=\"\" \/>\t\t\t<div class=\"overlay\"><\/div>\r\n\t\t\t\t<\/div>\r\n\t\t\r\n\t\t\t\t\t<\/div>\r\n\t\t\t\r\n\t\r\n\t<div class=\"absolute\">\r\n\t\t<div class=\"hover-desc table-wrap\">\r\n\t\t\t<div class=\"cell-wrap\">\r\n\t\t\t\t<h4 class=\"text-light\"><\/h4>\r\n\t\t\t<\/div>\r\n\t\t<\/div>\r\n\t<\/div>\t\t\t\t\t\r\n<\/div>\r\n\r\n<\/div><\/div><\/div><\/div><\/div><\/div><\/div>","protected":false},"excerpt":{"rendered":"<p>Prevent\u00edvna prehliadka Aby ste si udr\u017eali zuby a \u010fasn\u00e1 dlhodobo zdrav\u00e9, nesta\u010d\u00ed len pravideln\u00e9 \u010distenie. D\u00f4le\u017eit\u00e9 s\u00fa aj pravideln\u00e9 kontroly u zubn\u00e9ho lek\u00e1ra. Ro\u010dn\u00e1 prevent\u00edvna prehliadka je najjednoduch\u0161\u00ed sp\u00f4sob, ako zachyti\u0165 probl\u00e9my v\u010das a pred\u00eds\u0165 v\u00e4\u010d\u0161\u00edm z\u00e1krokom. Po\u010das prevent\u00edvnej prehliadky skontrolujeme cel\u00fa \u00fastnu dutinu \u2013 zuby, \u010fasn\u00e1, sliznice a m\u00e4kk\u00e9 tkaniv\u00e1. H\u013ead\u00e1me za\u010d\u00ednaj\u00face kazy, nadmern\u00e9<\/p>\n","protected":false},"author":1,"featured_media":0,"parent":0,"menu_order":0,"comment_status":"closed","ping_status":"closed","template":"","meta":{"footnotes":""},"class_list":["post-3411","page","type-page","status-publish","hentry"],"_links":{"self":[{"href":"https:\/\/www.eurodental.sk\/index.php?rest_route=\/wp\/v2\/pages\/3411","targetHints":{"allow":["GET"]}}],"collection":[{"href":"https:\/\/www.eurodental.sk\/index.php?rest_route=\/wp\/v2\/pages"}],"about":[{"href":"https:\/\/www.eurodental.sk\/index.php?rest_route=\/wp\/v2\/types\/page"}],"author":[{"embeddable":true,"href":"https:\/\/www.eurodental.sk\/index.php?rest_route=\/wp\/v2\/users\/1"}],"replies":[{"embeddable":true,"href":"https:\/\/www.eurodental.sk\/index.php?rest_route=%2Fwp%2Fv2%2Fcomments&post=3411"}],"version-history":[{"count":3,"href":"https:\/\/www.eurodental.sk\/index.php?rest_route=\/wp\/v2\/pages\/3411\/revisions"}],"predecessor-version":[{"id":3522,"href":"https:\/\/www.eurodental.sk\/index.php?rest_route=\/wp\/v2\/pages\/3411\/revisions\/3522"}],"wp:attachment":[{"href":"https:\/\/www.eurodental.sk\/index.php?rest_route=%2Fwp%2Fv2%2Fmedia&parent=3411"}],"curies":[{"name":"wp","href":"https:\/\/api.w.org\/{rel}","templated":true}]}}