{"id":3410,"date":"2026-02-16T09:32:52","date_gmt":"2026-02-16T08:32:52","guid":{"rendered":"http:\/\/temp.eurodental.sk\/?page_id=3410"},"modified":"2026-03-13T10:00:54","modified_gmt":"2026-03-13T09:00:54","slug":"vstupne-vysetrenie","status":"publish","type":"page","link":"https:\/\/www.eurodental.sk\/?page_id=3410","title":{"rendered":"Vstupn\u00e9 vy\u0161etrenie"},"content":{"rendered":"<div id=\"pl-gb3410-69f4aac4d9053\"  class=\"panel-layout\" ><div id=\"pg-gb3410-69f4aac4d9053-0\"  class=\"panel-grid panel-has-style\" ><div class=\"divider-no-animation tablet-default mobile-default desktop-default custom panel-row-style panel-row-style-for-gb3410-69f4aac4d9053-0\" ><div id=\"pgc-gb3410-69f4aac4d9053-0-0\"  class=\"panel-grid-cell\" ><div id=\"panel-gb3410-69f4aac4d9053-0-0-0\" class=\"so-panel widget widget_text panel-first-child panel-last-child\" data-index=\"0\" ><div class=\"orion custom default panel-widget-style panel-widget-style-for-gb3410-69f4aac4d9053-0-0-0\" >\t\t\t<div class=\"textwidget\"><h2><b>Vstupn\u00e9 vy\u0161etrenie<\/b><\/h2>\n<p class=\"p3\">Ak zva\u017eujete zmenu zub\u00e1ra alebo h\u013ead\u00e1te nov\u00e9ho stomatol\u00f3ga, radi v\u00e1s u n\u00e1s priv\u00edtame. Urob\u00edme v\u0161etko pre to, aby ste sa c\u00edtili pr\u00edjemne a odi\u0161li spokojn\u00ed.<\/p>\n<p class=\"p1\"><b>Zdravotn\u00fd dotazn\u00edk<\/b><b><\/b><\/p>\n<p class=\"p3\">Pred prv\u00fdm o\u0161etren\u00edm v\u00e1s popros\u00edme o vyplnenie zdravotn\u00e9ho dotazn\u00edka. V\u010faka nemu vieme prisp\u00f4sobi\u0165 lie\u010dbu presne va\u0161im potreb\u00e1m a bezpe\u010dne \u2013 s oh\u013eadom na v\u00e1\u0161 zdravotn\u00fd stav, ochorenia a lieky, ktor\u00e9 u\u017e\u00edvate. Pros\u00edme o d\u00f4kladn\u00e9 vyplnenie a v\u017edy n\u00e1s informujte aj o ka\u017edej zmene zdravotn\u00e9ho stavu od posledn\u00e9ho dotazn\u00edka.<\/p>\n<p class=\"p3\">Dotazn\u00edk m\u00f4\u017eete vyplni\u0165 u n\u00e1s v ambulancii pred prvou kontrolou, alebo si ho stiahnu\u0165 z na\u0161ej str\u00e1nky (n\u00e1jdete ho na konci \u010dl\u00e1nku), vytla\u010di\u0165, vyplni\u0165 doma a prinies\u0165 so sebou.<\/p>\n<p class=\"p1\"><b>Priebeh prvej n\u00e1v\u0161tevy<\/b><b><\/b><\/p>\n<p class=\"p3\">Po\u010das prvej n\u00e1v\u0161tevy v\u00e1m urob\u00edme vstupn\u00fa prehliadku \u00fastnej dutiny. Skontrolujeme stav zubov, slizn\u00edc a m\u00e4kk\u00fdch tkan\u00edv, pr\u00edpadn\u00e9 zubn\u00e9 n\u00e1hrady, \u00fastnu hygienu a hygienick\u00e9 n\u00e1vyky. Z\u00e1rove\u0148 si sprav\u00edme z\u00e1znam o va\u0161om chrupe a potrebn\u00e9 indexy (KPE, PBI).<\/p>\n<p class=\"p3\">Pod\u013ea potreby m\u00f4\u017eeme po\u010das n\u00e1v\u0161tevy z\u00e1rove\u0148 odstr\u00e1ni\u0165 povlak alebo zubn\u00fd kame\u0148 a o\u0161etri\u0165 zubn\u00fd kaz. Ak zist\u00edme v\u00e1\u017enej\u0161\u00ed probl\u00e9m, dohodneme sa na \u010fal\u0161om postupe a term\u00edne \u010fal\u0161ej n\u00e1v\u0161tevy.<\/p>\n<p class=\"p3\">Ak v\u0161etko prebehne bez komplik\u00e1ci\u00ed, vstupn\u00e1 prehliadka sl\u00fa\u017ei z\u00e1rove\u0148 ako prevent\u00edvna prehliadka.<\/p>\n<\/div>\n\t\t<\/div><\/div><\/div><div id=\"pgc-gb3410-69f4aac4d9053-0-1\"  class=\"panel-grid-cell\" ><div id=\"panel-gb3410-69f4aac4d9053-0-1-0\" class=\"so-panel widget widget_orion_empty_space_w panel-first-child\" data-index=\"1\" ><div class=\"orion custom default panel-widget-style panel-widget-style-for-gb3410-69f4aac4d9053-0-1-0\" ><div\n\t\t\t\n\t\t\tclass=\"so-widget-orion_empty_space_w so-widget-orion_empty_space_w-base\"\n\t\t\t\n\t\t>\t<div class=\"row empty-space visible-lg visible-md visible-sm visible-xs\" style=\"height:60px;\">\r\n\t<\/div><\/div><\/div><\/div><div id=\"panel-gb3410-69f4aac4d9053-0-1-1\" class=\"so-panel widget widget_orion_image_w panel-last-child\" data-index=\"2\" ><div class=\"orion custom default panel-widget-style panel-widget-style-for-gb3410-69f4aac4d9053-0-1-1\" ><div\n\t\t\t\n\t\t\tclass=\"so-widget-orion_image_w so-widget-orion_image_w-base\"\n\t\t\t\n\t\t>\r\n<div class=\"image-w relative rounded\">\r\n\r\n\t\t\t\t\t\t\t<div class=\"orion_circle image-wrap rounded overlay-none overlay-hover-none\">\r\n\t\t\r\n\t\t\t\t<div class=\"circle-wrap\">\r\n\t\t\t\t\t<img loading=\"lazy\" decoding=\"async\" width=\"750\" height=\"750\" src=\"https:\/\/www.eurodental.sk\/wp-content\/uploads\/2026\/03\/MM-8922-750x750.jpg\" class=\"attachment-orion_square size-orion_square\" alt=\"\" \/>\t\t\t<div class=\"overlay\"><\/div>\r\n\t\t\t\t<\/div>\r\n\t\t\r\n\t\t\t\t\t<\/div>\r\n\t\t\t\r\n\t\r\n\t<div class=\"absolute\">\r\n\t\t<div class=\"hover-desc table-wrap\">\r\n\t\t\t<div class=\"cell-wrap\">\r\n\t\t\t\t<h4 class=\"text-light\"><\/h4>\r\n\t\t\t<\/div>\r\n\t\t<\/div>\r\n\t<\/div>\t\t\t\t\t\r\n<\/div>\r\n\r\n<\/div><\/div><\/div><\/div><\/div><\/div><\/div>","protected":false},"excerpt":{"rendered":"<p>Vstupn\u00e9 vy\u0161etrenie Ak zva\u017eujete zmenu zub\u00e1ra alebo h\u013ead\u00e1te nov\u00e9ho stomatol\u00f3ga, radi v\u00e1s u n\u00e1s priv\u00edtame. Urob\u00edme v\u0161etko pre to, aby ste sa c\u00edtili pr\u00edjemne a odi\u0161li spokojn\u00ed. Zdravotn\u00fd dotazn\u00edk Pred prv\u00fdm o\u0161etren\u00edm v\u00e1s popros\u00edme o vyplnenie zdravotn\u00e9ho dotazn\u00edka. V\u010faka nemu vieme prisp\u00f4sobi\u0165 lie\u010dbu presne va\u0161im potreb\u00e1m a bezpe\u010dne \u2013 s oh\u013eadom na v\u00e1\u0161 zdravotn\u00fd stav,<\/p>\n","protected":false},"author":1,"featured_media":0,"parent":0,"menu_order":0,"comment_status":"closed","ping_status":"closed","template":"","meta":{"footnotes":""},"class_list":["post-3410","page","type-page","status-publish","hentry"],"_links":{"self":[{"href":"https:\/\/www.eurodental.sk\/index.php?rest_route=\/wp\/v2\/pages\/3410","targetHints":{"allow":["GET"]}}],"collection":[{"href":"https:\/\/www.eurodental.sk\/index.php?rest_route=\/wp\/v2\/pages"}],"about":[{"href":"https:\/\/www.eurodental.sk\/index.php?rest_route=\/wp\/v2\/types\/page"}],"author":[{"embeddable":true,"href":"https:\/\/www.eurodental.sk\/index.php?rest_route=\/wp\/v2\/users\/1"}],"replies":[{"embeddable":true,"href":"https:\/\/www.eurodental.sk\/index.php?rest_route=%2Fwp%2Fv2%2Fcomments&post=3410"}],"version-history":[{"count":16,"href":"https:\/\/www.eurodental.sk\/index.php?rest_route=\/wp\/v2\/pages\/3410\/revisions"}],"predecessor-version":[{"id":3521,"href":"https:\/\/www.eurodental.sk\/index.php?rest_route=\/wp\/v2\/pages\/3410\/revisions\/3521"}],"wp:attachment":[{"href":"https:\/\/www.eurodental.sk\/index.php?rest_route=%2Fwp%2Fv2%2Fmedia&parent=3410"}],"curies":[{"name":"wp","href":"https:\/\/api.w.org\/{rel}","templated":true}]}}