{"id":3403,"date":"2026-02-10T11:53:08","date_gmt":"2026-02-10T10:53:08","guid":{"rendered":"http:\/\/temp.eurodental.sk\/?page_id=3403"},"modified":"2026-02-16T14:09:35","modified_gmt":"2026-02-16T13:09:35","slug":"gdpr","status":"publish","type":"page","link":"https:\/\/www.eurodental.sk\/?page_id=3403","title":{"rendered":""},"content":{"rendered":"\n<section class=\"ed-cookies\">\n  <div class=\"ed-cookies__card\">\n    <div class=\"ed-cookies__head\">\n      <div class=\"ed-cookies__icon\" aria-hidden=\"true\">\ud83c\udf6a<\/div>\n      <div>\n        <h1 class=\"ed-cookies__title\">Cookies<\/h1>\n        <p class=\"ed-cookies__subtitle\">\n          Pou\u017e\u00edvame iba nevyhnutn\u00e9 (technick\u00e9) cookies na spr\u00e1vne fungovanie a bezpe\u010dnos\u0165 webu.\n        <\/p>\n      <\/div>\n    <\/div>\n\n    <div class=\"ed-cookies__box\">\n      <h2>Ak\u00e9 cookies pou\u017e\u00edvame<\/h2>\n      <ul>\n        <li><strong>Nevyhnutn\u00e9 (technick\u00e9) cookies<\/strong> \u2013 potrebn\u00e9 pre spr\u00e1vnu funk\u010dnos\u0165 str\u00e1nky a bezpe\u010dnos\u0165.<\/li>\n      <\/ul>\n    <\/div>\n\n    <div class=\"ed-cookies__box\">\n      <h2>\u010co o v\u00e1s nezbierame<\/h2>\n      <ul>\n        <li>Neshroma\u017e\u010fujeme osobn\u00e9 \u00fadaje cez cookies.<\/li>\n        <li>Nepou\u017e\u00edvame marketingov\u00e9 ani analytick\u00e9 cookies.<\/li>\n        <li>Nevy\u017eadujeme s\u00fahlas n\u00e1v\u0161tevn\u00edka, ke\u010f\u017ee ide iba o technick\u00e9 cookies.<\/li>\n      <\/ul>\n    <\/div>\n\n    <div class=\"ed-cookies__note\">\n      Ak m\u00e1te ot\u00e1zky, kontaktujte n\u00e1s na <a href=\"mailto:info@eurodental.sk\">info@eurodental.sk<\/a>.\n    <\/div>\n  <\/div>\n<\/section>\n\n\n\n<p><\/p>\n","protected":false},"excerpt":{"rendered":"<p>\ud83c\udf6a Cookies Pou\u017e\u00edvame iba nevyhnutn\u00e9 (technick\u00e9) cookies na spr\u00e1vne fungovanie a bezpe\u010dnos\u0165 webu. Ak\u00e9 cookies pou\u017e\u00edvame Nevyhnutn\u00e9 (technick\u00e9) cookies \u2013 potrebn\u00e9 pre spr\u00e1vnu funk\u010dnos\u0165 str\u00e1nky a bezpe\u010dnos\u0165. \u010co o v\u00e1s nezbierame Neshroma\u017e\u010fujeme osobn\u00e9 \u00fadaje cez cookies. Nepou\u017e\u00edvame marketingov\u00e9 ani analytick\u00e9 cookies. Nevy\u017eadujeme s\u00fahlas n\u00e1v\u0161tevn\u00edka, ke\u010f\u017ee ide iba o technick\u00e9 cookies. Ak m\u00e1te ot\u00e1zky, kontaktujte n\u00e1s<\/p>\n","protected":false},"author":1,"featured_media":0,"parent":0,"menu_order":0,"comment_status":"closed","ping_status":"closed","template":"","meta":{"footnotes":""},"class_list":["post-3403","page","type-page","status-publish","hentry"],"_links":{"self":[{"href":"https:\/\/www.eurodental.sk\/index.php?rest_route=\/wp\/v2\/pages\/3403","targetHints":{"allow":["GET"]}}],"collection":[{"href":"https:\/\/www.eurodental.sk\/index.php?rest_route=\/wp\/v2\/pages"}],"about":[{"href":"https:\/\/www.eurodental.sk\/index.php?rest_route=\/wp\/v2\/types\/page"}],"author":[{"embeddable":true,"href":"https:\/\/www.eurodental.sk\/index.php?rest_route=\/wp\/v2\/users\/1"}],"replies":[{"embeddable":true,"href":"https:\/\/www.eurodental.sk\/index.php?rest_route=%2Fwp%2Fv2%2Fcomments&post=3403"}],"version-history":[{"count":5,"href":"https:\/\/www.eurodental.sk\/index.php?rest_route=\/wp\/v2\/pages\/3403\/revisions"}],"predecessor-version":[{"id":3456,"href":"https:\/\/www.eurodental.sk\/index.php?rest_route=\/wp\/v2\/pages\/3403\/revisions\/3456"}],"wp:attachment":[{"href":"https:\/\/www.eurodental.sk\/index.php?rest_route=%2Fwp%2Fv2%2Fmedia&parent=3403"}],"curies":[{"name":"wp","href":"https:\/\/api.w.org\/{rel}","templated":true}]}}