{"id":3164,"date":"2025-12-10T00:20:10","date_gmt":"2025-12-09T23:20:10","guid":{"rendered":"http:\/\/temp.eurodental.sk\/?page_id=3164"},"modified":"2026-02-16T14:24:24","modified_gmt":"2026-02-16T13:24:24","slug":"mostiky","status":"publish","type":"page","link":"https:\/\/www.eurodental.sk\/?page_id=3164","title":{"rendered":"Most\u00edky"},"content":{"rendered":"<div id=\"pl-gb3164-69f4a9d132433\"  class=\"panel-layout\" ><div id=\"pg-gb3164-69f4a9d132433-0\"  class=\"panel-grid panel-has-style\" ><div class=\"divider-no-animation tablet-default mobile-default desktop-default custom panel-row-style panel-row-style-for-gb3164-69f4a9d132433-0\" ><div id=\"pgc-gb3164-69f4a9d132433-0-0\"  class=\"panel-grid-cell\" ><div id=\"panel-gb3164-69f4a9d132433-0-0-0\" class=\"so-panel widget widget_text panel-first-child panel-last-child\" data-index=\"0\" ><div class=\"orion custom default panel-widget-style panel-widget-style-for-gb3164-69f4a9d132433-0-0-0\" >\t\t\t<div class=\"textwidget\"><h2><b>Most\u00edky na zuby<\/b><\/h2>\n<p class=\"p3\">Ch\u00fdbaj\u00faci zub neovplyv\u0148uje len vzh\u013ead \u00fasmevu, ale aj <span class=\"s2\"><b>spr\u00e1vnu funkciu \u017euvania<\/b><\/span>. Medzera v zuborad\u00ed m\u00f4\u017ee \u010dasom vies\u0165 k <span class=\"s2\"><b>posunu susedn\u00fdch zubov, zr\u00fateniu klenby chrupu<\/b><\/span>, zhor\u0161enej hygiene, vzniku zubn\u00e9ho kazu a ochoreniam \u010fasien.<\/p>\n<p class=\"p3\">Zubn\u00fd most\u00edk predstavuje <span class=\"s2\"><b>fixn\u00fa n\u00e1hradu ch\u00fdbaj\u00faceho zuba<\/b><\/span>, ktor\u00e1 obnovuje estetiku aj funkciu chrupu. Naj\u010dastej\u0161ie sa kotv\u00ed na <span class=\"s2\"><b>dva susedn\u00e9 zuby<\/b><\/span>, ktor\u00e9 sl\u00fa\u017eia ako opora a nes\u00fa medzi sebou n\u00e1hradu ch\u00fdbaj\u00faceho zuba.<\/p>\n<p class=\"p1\">\n<h3><b>Mo\u017enosti n\u00e1hrady ch\u00fdbaj\u00facich zubov<\/b><\/h3>\n<p class=\"p3\">Vo v\u0161eobecnosti existuj\u00fa dve z\u00e1kladn\u00e9 rie\u0161enia:<\/p>\n<ul>\n<li>\n<p class=\"p1\"><span class=\"s1\"><b>sn\u00edmate\u013en\u00e1 n\u00e1hrada (prot\u00e9za)<\/b><\/span> \u2013 opiera sa o \u010fasno, je menej komfortn\u00e1<\/p>\n<\/li>\n<li>\n<p class=\"p1\"><span class=\"s1\"><b>fixn\u00e1 n\u00e1hrada<\/b><\/span> \u2013 zubn\u00fd most\u00edk alebo implant\u00e1t<\/p>\n<\/li>\n<\/ul>\n<p class=\"p3\">Na rozdiel od most\u00edka <span class=\"s2\"><b>implant\u00e1t nevy\u017eaduje obrusovanie susedn\u00fdch zubov<\/b><\/span>, preto m\u00f4\u017ee by\u0165 v niektor\u00fdch pr\u00edpadoch vhodnej\u0161\u00edm rie\u0161en\u00edm.<\/p>\n<p class=\"p3\">V\u00fdber optim\u00e1lneho rie\u0161enia z\u00e1vis\u00ed od <span class=\"s2\"><b>stavu chrupu, kosti a individu\u00e1lnych potrieb pacienta<\/b><\/span>. V\u0161etky mo\u017enosti v\u00e1m zubn\u00fd lek\u00e1r podrobne vysvetl\u00ed po\u010das konzult\u00e1cie.<\/p>\n<\/div>\n\t\t<\/div><\/div><\/div><div id=\"pgc-gb3164-69f4a9d132433-0-1\"  class=\"panel-grid-cell\" ><div id=\"panel-gb3164-69f4a9d132433-0-1-0\" class=\"so-panel widget widget_orion_image_w panel-first-child panel-last-child\" data-index=\"1\" ><div class=\"orion custom default panel-widget-style panel-widget-style-for-gb3164-69f4a9d132433-0-1-0\" ><div\n\t\t\t\n\t\t\tclass=\"so-widget-orion_image_w so-widget-orion_image_w-base\"\n\t\t\t\n\t\t>\r\n<div class=\"image-w relative rounded\">\r\n\r\n\t\t\t\t\t\t\t<div class=\"orion_circle image-wrap rounded overlay-none overlay-hover-none\">\r\n\t\t\r\n\t\t\t\t<div class=\"circle-wrap\">\r\n\t\t\t\t\t<img loading=\"lazy\" decoding=\"async\" width=\"750\" height=\"750\" src=\"https:\/\/www.eurodental.sk\/wp-content\/uploads\/2026\/02\/image-1-750x750.png\" class=\"attachment-orion_square size-orion_square\" alt=\"\" \/>\t\t\t<div class=\"overlay\"><\/div>\r\n\t\t\t\t<\/div>\r\n\t\t\r\n\t\t\t\t\t<\/div>\r\n\t\t\t\r\n\t\r\n\t<div class=\"absolute\">\r\n\t\t<div class=\"hover-desc table-wrap\">\r\n\t\t\t<div class=\"cell-wrap\">\r\n\t\t\t\t<h4 class=\"text-light\"><\/h4>\r\n\t\t\t<\/div>\r\n\t\t<\/div>\r\n\t<\/div>\t\t\t\t\t\r\n<\/div>\r\n\r\n<\/div><\/div><\/div><\/div><\/div><\/div><\/div>","protected":false},"excerpt":{"rendered":"<p>Most\u00edky na zuby Ch\u00fdbaj\u00faci zub neovplyv\u0148uje len vzh\u013ead \u00fasmevu, ale aj spr\u00e1vnu funkciu \u017euvania. Medzera v zuborad\u00ed m\u00f4\u017ee \u010dasom vies\u0165 k posunu susedn\u00fdch zubov, zr\u00fateniu klenby chrupu, zhor\u0161enej hygiene, vzniku zubn\u00e9ho kazu a ochoreniam \u010fasien. Zubn\u00fd most\u00edk predstavuje fixn\u00fa n\u00e1hradu ch\u00fdbaj\u00faceho zuba, ktor\u00e1 obnovuje estetiku aj funkciu chrupu. Naj\u010dastej\u0161ie sa kotv\u00ed na dva susedn\u00e9 zuby,<\/p>\n","protected":false},"author":1,"featured_media":0,"parent":0,"menu_order":0,"comment_status":"closed","ping_status":"closed","template":"","meta":{"footnotes":""},"class_list":["post-3164","page","type-page","status-publish","hentry"],"_links":{"self":[{"href":"https:\/\/www.eurodental.sk\/index.php?rest_route=\/wp\/v2\/pages\/3164","targetHints":{"allow":["GET"]}}],"collection":[{"href":"https:\/\/www.eurodental.sk\/index.php?rest_route=\/wp\/v2\/pages"}],"about":[{"href":"https:\/\/www.eurodental.sk\/index.php?rest_route=\/wp\/v2\/types\/page"}],"author":[{"embeddable":true,"href":"https:\/\/www.eurodental.sk\/index.php?rest_route=\/wp\/v2\/users\/1"}],"replies":[{"embeddable":true,"href":"https:\/\/www.eurodental.sk\/index.php?rest_route=%2Fwp%2Fv2%2Fcomments&post=3164"}],"version-history":[{"count":4,"href":"https:\/\/www.eurodental.sk\/index.php?rest_route=\/wp\/v2\/pages\/3164\/revisions"}],"predecessor-version":[{"id":3462,"href":"https:\/\/www.eurodental.sk\/index.php?rest_route=\/wp\/v2\/pages\/3164\/revisions\/3462"}],"wp:attachment":[{"href":"https:\/\/www.eurodental.sk\/index.php?rest_route=%2Fwp%2Fv2%2Fmedia&parent=3164"}],"curies":[{"name":"wp","href":"https:\/\/api.w.org\/{rel}","templated":true}]}}