{"id":3163,"date":"2025-12-10T00:20:10","date_gmt":"2025-12-09T23:20:10","guid":{"rendered":"http:\/\/temp.eurodental.sk\/?page_id=3163"},"modified":"2026-02-16T14:20:23","modified_gmt":"2026-02-16T13:20:23","slug":"korunky","status":"publish","type":"page","link":"https:\/\/www.eurodental.sk\/?page_id=3163","title":{"rendered":"Korunky"},"content":{"rendered":"<div id=\"pl-gb3163-69f4aa2f3ce2e\"  class=\"panel-layout\" ><div id=\"pg-gb3163-69f4aa2f3ce2e-0\"  class=\"panel-grid panel-has-style\" ><div class=\"divider-no-animation tablet-default mobile-default desktop-default custom panel-row-style panel-row-style-for-gb3163-69f4aa2f3ce2e-0\" ><div id=\"pgc-gb3163-69f4aa2f3ce2e-0-0\"  class=\"panel-grid-cell\" ><div id=\"panel-gb3163-69f4aa2f3ce2e-0-0-0\" class=\"so-panel widget widget_text panel-first-child panel-last-child\" data-index=\"0\" ><div class=\"orion custom default panel-widget-style panel-widget-style-for-gb3163-69f4aa2f3ce2e-0-0-0\" >\t\t\t<div class=\"textwidget\"><h2><b>Korunky na zuby<\/b><\/h2>\n<p class=\"p3\">Zubn\u00e9 korunky s\u00fa <span class=\"s2\"><b>pevn\u00e9 protetick\u00e9 n\u00e1hrady<\/b><\/span>, ktor\u00e9 sa nasadzuj\u00fa na po\u0161koden\u00fd alebo oslaben\u00fd zub. Ich \u00falohou je <span class=\"s2\"><b>spevni\u0165 zub, obnovi\u0165 jeho tvar, funkciu a prirodzen\u00fd vzh\u013ead<\/b><\/span>. Korunka \u00faplne prekr\u00fdva vidite\u013en\u00fa \u010das\u0165 zuba a chr\u00e1ni ho pred \u010fal\u0161\u00edm po\u0161koden\u00edm.<\/p>\n<p class=\"p3\">Korunky s\u00fa ide\u00e1lnym rie\u0161en\u00edm pri:<\/p>\n<ul>\n<li>\n<p class=\"p1\">zlomen\u00fdch alebo v\u00fdrazne oslaben\u00fdch zuboch<\/p>\n<\/li>\n<li>\n<p class=\"p1\">zuboch po\u0161koden\u00fdch rozsiahlym kazom alebo ve\u013ekou v\u00fdpl\u0148ou<\/p>\n<\/li>\n<li>\n<p class=\"p1\">endodonticky (kore\u0148ovo) o\u0161etren\u00fdch zuboch<\/p>\n<\/li>\n<li>\n<p class=\"p1\">esteticky zafarben\u00fdch zuboch alebo v\u00fdplniach<\/p>\n<\/li>\n<li>\n<p class=\"p1\">ukotven\u00ed most\u00edkov, sn\u00edmate\u013en\u00fdch n\u00e1hrad alebo nadstavieb na implant\u00e1toch<\/p>\n<\/li>\n<\/ul>\n<p>&nbsp;<\/p>\n<h3><b>Druhy zubn\u00fdch koruniek<\/b><\/h3>\n<p class=\"p3\">Korunky sa vyr\u00e1baj\u00fa z r\u00f4znych materi\u00e1lov pod\u013ea funk\u010dn\u00fdch a estetick\u00fdch po\u017eiadaviek:<\/p>\n<ul>\n<li>\n<p class=\"p1\"><span class=\"s1\"><b>kovokeramick\u00e9 korunky<\/b><\/span> \u2013 kombin\u00e1cia pevnosti a estetiky<\/p>\n<\/li>\n<li>\n<p class=\"p1\"><span class=\"s1\"><b>celokeramick\u00e9 korunky<\/b><\/span> \u2013 vysok\u00e1 estetika a prirodzen\u00fd vzh\u013ead<\/p>\n<\/li>\n<li>\n<p class=\"p1\"><span class=\"s1\"><b>kovov\u00e9 korunky<\/b><\/span> (zlato, zliatiny) \u2013 vysok\u00e1 odolnos\u0165, menej estetick\u00e9<\/p>\n<\/li>\n<li>\n<p class=\"p1\"><b>\u017eivicov\u00e9 (do\u010dasn\u00e9) korunky<\/b><span class=\"s1\"> \u2013 prechodn\u00e9 rie\u0161enie<\/span><\/p>\n<\/li>\n<\/ul>\n<p class=\"p3\">V\u00fdber vhodn\u00e9ho typu korunky z\u00e1vis\u00ed od <span class=\"s2\"><b>polohy zuba, funk\u010dn\u00e9ho za\u0165a\u017eenia a estetick\u00fdch n\u00e1rokov pacienta<\/b><\/span>. V\u0161etky mo\u017enosti s vami zubn\u00fd lek\u00e1r prekonzultuje pred o\u0161etren\u00edm.<\/p>\n<\/div>\n\t\t<\/div><\/div><\/div><div id=\"pgc-gb3163-69f4aa2f3ce2e-0-1\"  class=\"panel-grid-cell\" ><div id=\"panel-gb3163-69f4aa2f3ce2e-0-1-0\" class=\"so-panel widget widget_orion_image_w panel-first-child panel-last-child\" data-index=\"1\" ><div class=\"orion custom default panel-widget-style panel-widget-style-for-gb3163-69f4aa2f3ce2e-0-1-0\" ><div\n\t\t\t\n\t\t\tclass=\"so-widget-orion_image_w so-widget-orion_image_w-base\"\n\t\t\t\n\t\t>\r\n<div class=\"image-w relative rounded\">\r\n\r\n\t\t\t\t\t\t\t<div class=\"orion_circle image-wrap rounded overlay-none overlay-hover-none\">\r\n\t\t\r\n\t\t\t\t<div class=\"circle-wrap\">\r\n\t\t\t\t\t<img loading=\"lazy\" decoding=\"async\" width=\"750\" height=\"750\" src=\"https:\/\/www.eurodental.sk\/wp-content\/uploads\/2026\/02\/image-750x750.png\" class=\"attachment-orion_square size-orion_square\" alt=\"\" \/>\t\t\t<div class=\"overlay\"><\/div>\r\n\t\t\t\t<\/div>\r\n\t\t\r\n\t\t\t\t\t<\/div>\r\n\t\t\t\r\n\t\r\n\t<div class=\"absolute\">\r\n\t\t<div class=\"hover-desc table-wrap\">\r\n\t\t\t<div class=\"cell-wrap\">\r\n\t\t\t\t<h4 class=\"text-light\"><\/h4>\r\n\t\t\t<\/div>\r\n\t\t<\/div>\r\n\t<\/div>\t\t\t\t\t\r\n<\/div>\r\n\r\n<\/div><\/div><\/div><\/div><\/div><\/div><\/div>","protected":false},"excerpt":{"rendered":"<p>Korunky na zuby Zubn\u00e9 korunky s\u00fa pevn\u00e9 protetick\u00e9 n\u00e1hrady, ktor\u00e9 sa nasadzuj\u00fa na po\u0161koden\u00fd alebo oslaben\u00fd zub. Ich \u00falohou je spevni\u0165 zub, obnovi\u0165 jeho tvar, funkciu a prirodzen\u00fd vzh\u013ead. Korunka \u00faplne prekr\u00fdva vidite\u013en\u00fa \u010das\u0165 zuba a chr\u00e1ni ho pred \u010fal\u0161\u00edm po\u0161koden\u00edm. Korunky s\u00fa ide\u00e1lnym rie\u0161en\u00edm pri: zlomen\u00fdch alebo v\u00fdrazne oslaben\u00fdch zuboch zuboch po\u0161koden\u00fdch rozsiahlym kazom<\/p>\n","protected":false},"author":1,"featured_media":0,"parent":0,"menu_order":0,"comment_status":"closed","ping_status":"closed","template":"","meta":{"footnotes":""},"class_list":["post-3163","page","type-page","status-publish","hentry"],"_links":{"self":[{"href":"https:\/\/www.eurodental.sk\/index.php?rest_route=\/wp\/v2\/pages\/3163","targetHints":{"allow":["GET"]}}],"collection":[{"href":"https:\/\/www.eurodental.sk\/index.php?rest_route=\/wp\/v2\/pages"}],"about":[{"href":"https:\/\/www.eurodental.sk\/index.php?rest_route=\/wp\/v2\/types\/page"}],"author":[{"embeddable":true,"href":"https:\/\/www.eurodental.sk\/index.php?rest_route=\/wp\/v2\/users\/1"}],"replies":[{"embeddable":true,"href":"https:\/\/www.eurodental.sk\/index.php?rest_route=%2Fwp%2Fv2%2Fcomments&post=3163"}],"version-history":[{"count":4,"href":"https:\/\/www.eurodental.sk\/index.php?rest_route=\/wp\/v2\/pages\/3163\/revisions"}],"predecessor-version":[{"id":3460,"href":"https:\/\/www.eurodental.sk\/index.php?rest_route=\/wp\/v2\/pages\/3163\/revisions\/3460"}],"wp:attachment":[{"href":"https:\/\/www.eurodental.sk\/index.php?rest_route=%2Fwp%2Fv2%2Fmedia&parent=3163"}],"curies":[{"name":"wp","href":"https:\/\/api.w.org\/{rel}","templated":true}]}}