{"id":3162,"date":"2025-12-10T00:20:10","date_gmt":"2025-12-09T23:20:10","guid":{"rendered":"http:\/\/temp.eurodental.sk\/?page_id=3162"},"modified":"2025-12-17T15:38:23","modified_gmt":"2025-12-17T14:38:23","slug":"esteticke-fazety","status":"publish","type":"page","link":"https:\/\/www.eurodental.sk\/?page_id=3162","title":{"rendered":"Estetick\u00e9 fazety"},"content":{"rendered":"<div id=\"pl-gb3162-69f4abb171d8e\"  class=\"panel-layout\" ><div id=\"pg-gb3162-69f4abb171d8e-0\"  class=\"panel-grid panel-has-style\" ><div class=\"divider-no-animation tablet-default mobile-default desktop-default custom panel-row-style panel-row-style-for-gb3162-69f4abb171d8e-0\" ><div id=\"pgc-gb3162-69f4abb171d8e-0-0\"  class=\"panel-grid-cell\" ><div id=\"panel-gb3162-69f4abb171d8e-0-0-0\" class=\"so-panel widget widget_text panel-first-child panel-last-child\" data-index=\"0\" ><div class=\"orion custom default panel-widget-style panel-widget-style-for-gb3162-69f4abb171d8e-0-0-0\" >\t\t\t<div class=\"textwidget\"><h2><b>Fazety na zuby<\/b><\/h2>\n<p class=\"p3\">Zubn\u00e9 fazety s\u00fa <span class=\"s2\"><b>tenk\u00e9 pl\u00e1tky porcel\u00e1nu alebo estetickej \u017eivice<\/b><\/span>, ktor\u00e9 sa upev\u0148uj\u00fa na predn\u00fa plochu zuba. Funguj\u00fa podobne ako \u201eochrann\u00fd pl\u00e1\u0161\u0165\u201c \u2013 presne kop\u00edruj\u00fa tvar zuba a prirodzene s n\u00edm spl\u00fdvaj\u00fa.<\/p>\n<p class=\"p3\">Fazety umo\u017e\u0148uj\u00fa <span class=\"s2\"><b>zlep\u0161i\u0165 farbu, tvar aj postavenie zubov<\/b><\/span> a patria medzi ve\u013emi ob\u013e\u00faben\u00e9 rie\u0161enia estetickej stomatol\u00f3gie. S\u00fa ide\u00e1lne na \u00fapravu zafarben\u00fdch, nepravideln\u00fdch, mierne po\u0161koden\u00fdch alebo medzerovit\u00fdch zubov.<\/p>\n<p class=\"p3\">V\u00fdsledkom je <span class=\"s2\"><b>harmonick\u00fd, prirodzen\u00fd \u00fasmev<\/b><\/span> s dlhodob\u00fdm efektom.<\/p>\n<\/div>\n\t\t<\/div><\/div><\/div><div id=\"pgc-gb3162-69f4abb171d8e-0-1\"  class=\"panel-grid-cell\" ><div id=\"panel-gb3162-69f4abb171d8e-0-1-0\" class=\"so-panel widget widget_orion_image_w panel-first-child panel-last-child\" data-index=\"1\" ><div class=\"orion custom default panel-widget-style panel-widget-style-for-gb3162-69f4abb171d8e-0-1-0\" ><div\n\t\t\t\n\t\t\tclass=\"so-widget-orion_image_w so-widget-orion_image_w-base\"\n\t\t\t\n\t\t>\r\n<div class=\"image-w relative rounded\">\r\n\r\n\t\t\t\t\t\t\t<div class=\"orion_circle image-wrap rounded overlay-none overlay-hover-none\">\r\n\t\t\r\n\t\t\t\t<div class=\"circle-wrap\">\r\n\t\t\t\t\t<img loading=\"lazy\" decoding=\"async\" width=\"750\" height=\"750\" src=\"https:\/\/www.eurodental.sk\/wp-content\/uploads\/2025\/12\/ozkan-guner-rQVrZdAHXQQ-unsplash-750x750.jpg\" class=\"attachment-orion_square size-orion_square\" alt=\"\" \/>\t\t\t<div class=\"overlay\"><\/div>\r\n\t\t\t\t<\/div>\r\n\t\t\r\n\t\t\t\t\t<\/div>\r\n\t\t\t\r\n\t\r\n\t<div class=\"absolute\">\r\n\t\t<div class=\"hover-desc table-wrap\">\r\n\t\t\t<div class=\"cell-wrap\">\r\n\t\t\t\t<h4 class=\"text-light\"><\/h4>\r\n\t\t\t<\/div>\r\n\t\t<\/div>\r\n\t<\/div>\t\t\t\t\t\r\n<\/div>\r\n\r\n<\/div><\/div><\/div><\/div><\/div><\/div><\/div>","protected":false},"excerpt":{"rendered":"<p>Fazety na zuby Zubn\u00e9 fazety s\u00fa tenk\u00e9 pl\u00e1tky porcel\u00e1nu alebo estetickej \u017eivice, ktor\u00e9 sa upev\u0148uj\u00fa na predn\u00fa plochu zuba. Funguj\u00fa podobne ako \u201eochrann\u00fd pl\u00e1\u0161\u0165\u201c \u2013 presne kop\u00edruj\u00fa tvar zuba a prirodzene s n\u00edm spl\u00fdvaj\u00fa. Fazety umo\u017e\u0148uj\u00fa zlep\u0161i\u0165 farbu, tvar aj postavenie zubov a patria medzi ve\u013emi ob\u013e\u00faben\u00e9 rie\u0161enia estetickej stomatol\u00f3gie. S\u00fa ide\u00e1lne na \u00fapravu zafarben\u00fdch,<\/p>\n","protected":false},"author":1,"featured_media":0,"parent":0,"menu_order":0,"comment_status":"closed","ping_status":"closed","template":"","meta":{"footnotes":""},"class_list":["post-3162","page","type-page","status-publish","hentry"],"_links":{"self":[{"href":"https:\/\/www.eurodental.sk\/index.php?rest_route=\/wp\/v2\/pages\/3162","targetHints":{"allow":["GET"]}}],"collection":[{"href":"https:\/\/www.eurodental.sk\/index.php?rest_route=\/wp\/v2\/pages"}],"about":[{"href":"https:\/\/www.eurodental.sk\/index.php?rest_route=\/wp\/v2\/types\/page"}],"author":[{"embeddable":true,"href":"https:\/\/www.eurodental.sk\/index.php?rest_route=\/wp\/v2\/users\/1"}],"replies":[{"embeddable":true,"href":"https:\/\/www.eurodental.sk\/index.php?rest_route=%2Fwp%2Fv2%2Fcomments&post=3162"}],"version-history":[{"count":3,"href":"https:\/\/www.eurodental.sk\/index.php?rest_route=\/wp\/v2\/pages\/3162\/revisions"}],"predecessor-version":[{"id":3258,"href":"https:\/\/www.eurodental.sk\/index.php?rest_route=\/wp\/v2\/pages\/3162\/revisions\/3258"}],"wp:attachment":[{"href":"https:\/\/www.eurodental.sk\/index.php?rest_route=%2Fwp%2Fv2%2Fmedia&parent=3162"}],"curies":[{"name":"wp","href":"https:\/\/api.w.org\/{rel}","templated":true}]}}