{"id":3161,"date":"2025-12-10T00:20:10","date_gmt":"2025-12-09T23:20:10","guid":{"rendered":"http:\/\/temp.eurodental.sk\/?page_id=3161"},"modified":"2026-02-16T14:31:01","modified_gmt":"2026-02-16T13:31:01","slug":"bielenie-zubov","status":"publish","type":"page","link":"https:\/\/www.eurodental.sk\/?page_id=3161","title":{"rendered":"Bielenie zubov"},"content":{"rendered":"<div id=\"pl-gb3161-69f4a9110b659\"  class=\"panel-layout\" ><div id=\"pg-gb3161-69f4a9110b659-0\"  class=\"panel-grid panel-has-style\" ><div class=\"divider-no-animation tablet-default mobile-default desktop-default custom panel-row-style panel-row-style-for-gb3161-69f4a9110b659-0\" ><div id=\"pgc-gb3161-69f4a9110b659-0-0\"  class=\"panel-grid-cell\" ><div id=\"panel-gb3161-69f4a9110b659-0-0-0\" class=\"so-panel widget widget_text panel-first-child panel-last-child\" data-index=\"0\" ><div class=\"orion custom default panel-widget-style panel-widget-style-for-gb3161-69f4a9110b659-0-0-0\" >\t\t\t<div class=\"textwidget\"><h2><b>Bielenie zubov v Bratislave<\/b><\/h2>\n<p class=\"p3\">Bielenie zubov patr\u00ed medzi <span class=\"s2\"><b>najob\u013e\u00fabenej\u0161ie estetick\u00e9 stomatologick\u00e9 o\u0161etrenia<\/b><\/span>. Svetlej\u0161\u00ed odtie\u0148 zubov p\u00f4sob\u00ed mladistvo, \u010disto a v\u00fdrazne zvy\u0161uje sebavedomie. Farba zubov sa v\u0161ak \u010dasom prirodzene men\u00ed \u2013 naj\u010dastej\u0161ie vplyvom k\u00e1vy, \u010daju, faj\u010denia, stravy \u010di starnutia.<\/p>\n<p class=\"p3\">V na\u0161ej ambulancii pon\u00fakame <span class=\"s2\"><b>bezpe\u010dn\u00e9 a efekt\u00edvne dom\u00e1ce bielenie zubov<\/b><\/span> pod doh\u013eadom zubn\u00e9ho lek\u00e1ra.<\/p>\n<p class=\"p1\">\n<h3><b>Sp\u00f4soby dom\u00e1ceho bielenia<\/b><\/h3>\n<p class=\"p3\">Bielenie prebieha pomocou <span class=\"s2\"><b>individu\u00e1lnych bieliacich ly\u017e\u00edc<\/b><\/span> a profesion\u00e1lnych g\u00e9lov s obsahom peroxidu:<\/p>\n<ul>\n<li>\n<p class=\"p1\"><span class=\"s1\"><b>10 % karbamid peroxid<\/b><\/span> \u2013 jemn\u00e9 bielenie, vhodn\u00e9 na no\u010dn\u00e9 nosenie<\/p>\n<\/li>\n<li>\n<p class=\"p1\"><span class=\"s1\"><b>16 % karbamid peroxid<\/b><\/span> \u2013 aplik\u00e1cia 2\u20134 hodiny denne<\/p>\n<\/li>\n<li>\n<p class=\"p1\"><span class=\"s1\"><b>6 % hydrogen peroxid<\/b><\/span> \u2013 silnej\u0161\u00ed g\u00e9l, aplik\u00e1cia pribli\u017ene 2 hodiny denne<\/p>\n<\/li>\n<\/ul>\n<p class=\"p4\"><span class=\"s3\">V\u00fdber koncentr\u00e1cie z\u00e1vis\u00ed od <\/span><b>po\u010diato\u010dn\u00e9ho sfarbenia zubov a citlivosti pacienta<\/b><span class=\"s3\">.<\/span><\/p>\n<p class=\"p1\">\n<h3><b>Ako prebieha bielenie<\/b><\/h3>\n<p class=\"p3\">Po vy\u0161etren\u00ed v\u00e1m zhotov\u00edme <span class=\"s2\"><b>bieliace ly\u017eice na mieru<\/b><\/span> a odporu\u010d\u00edme vhodn\u00fd bieliaci re\u017eim. Pri prvom kurze sa odpor\u00fa\u010da <span class=\"s2\"><b>postupnej\u0161\u00ed a \u0161etrnej\u0161\u00ed pr\u00edstup<\/b><\/span>, aby sa minimalizovalo riziko citlivosti zubov.<\/p>\n<p class=\"p3\">Po\u010das bielenia sledujeme priebeh a v\u00fdsledok pri <span class=\"s2\"><b>kontroln\u00fdch prehliadkach<\/b><\/span>.<\/p>\n<p class=\"p1\">\n<h3><b>D\u013a\u017eka a v\u00fdsledok bielenia<\/b><\/h3>\n<p class=\"p3\">D\u013a\u017eka bielenia je individu\u00e1lna a z\u00e1vis\u00ed od typu zafarbenia.<\/p>\n<p class=\"p3\">Najlep\u0161ie reaguj\u00fa:<\/p>\n<ul>\n<li>\n<p class=\"p1\">zuby zo\u017eltnut\u00e9 vplyvom stravy, faj\u010denia a starnutia<\/p>\n<\/li>\n<\/ul>\n<p class=\"p3\">V\u00fdsledok bielenia pretrv\u00e1va zvy\u010dajne <span class=\"s2\"><b>1 a\u017e 3 roky<\/b><\/span>, pri spr\u00e1vnej starostlivosti aj dlh\u0161ie. Udr\u017eiavacie bielenie je jednoduch\u00e9 a vykon\u00e1va sa pod\u013ea potreby.<\/p>\n<p class=\"p1\">\n<h3><b>Po bielen\u00ed<\/b><\/h3>\n<p class=\"p3\">Po dosiahnut\u00ed stabiln\u00e9ho odtie\u0148a je mo\u017en\u00e9:<\/p>\n<ul>\n<li>\n<p class=\"p1\">prisp\u00f4sobi\u0165 farbu v\u00fdpln\u00ed aktu\u00e1lnemu odtie\u0148u zubov<\/p>\n<\/li>\n<li>\n<p class=\"p1\">napl\u00e1nova\u0165 udr\u017eiavacie bielenie<\/p>\n<\/li>\n<\/ul>\n<p>&nbsp;<\/p>\n<\/div>\n\t\t<\/div><\/div><\/div><div id=\"pgc-gb3161-69f4a9110b659-0-1\"  class=\"panel-grid-cell\" ><div id=\"panel-gb3161-69f4a9110b659-0-1-0\" class=\"so-panel widget widget_orion_image_w panel-first-child panel-last-child\" data-index=\"1\" ><div class=\"orion custom default panel-widget-style panel-widget-style-for-gb3161-69f4a9110b659-0-1-0\" ><div\n\t\t\t\n\t\t\tclass=\"so-widget-orion_image_w so-widget-orion_image_w-base\"\n\t\t\t\n\t\t>\r\n<div class=\"image-w relative rounded\">\r\n\r\n\t\t\t\t\t\t\t<div class=\"orion_circle image-wrap rounded overlay-none overlay-hover-none\">\r\n\t\t\r\n\t\t\t\t<div class=\"circle-wrap\">\r\n\t\t\t\t\t<img loading=\"lazy\" decoding=\"async\" width=\"750\" height=\"750\" src=\"https:\/\/www.eurodental.sk\/wp-content\/uploads\/2026\/02\/image-3-750x750.png\" class=\"attachment-orion_square size-orion_square\" alt=\"\" \/>\t\t\t<div class=\"overlay\"><\/div>\r\n\t\t\t\t<\/div>\r\n\t\t\r\n\t\t\t\t\t<\/div>\r\n\t\t\t\r\n\t\r\n\t<div class=\"absolute\">\r\n\t\t<div class=\"hover-desc table-wrap\">\r\n\t\t\t<div class=\"cell-wrap\">\r\n\t\t\t\t<h4 class=\"text-light\"><\/h4>\r\n\t\t\t<\/div>\r\n\t\t<\/div>\r\n\t<\/div>\t\t\t\t\t\r\n<\/div>\r\n\r\n<\/div><\/div><\/div><\/div><\/div><\/div><\/div>","protected":false},"excerpt":{"rendered":"<p>Bielenie zubov v Bratislave Bielenie zubov patr\u00ed medzi najob\u013e\u00fabenej\u0161ie estetick\u00e9 stomatologick\u00e9 o\u0161etrenia. Svetlej\u0161\u00ed odtie\u0148 zubov p\u00f4sob\u00ed mladistvo, \u010disto a v\u00fdrazne zvy\u0161uje sebavedomie. Farba zubov sa v\u0161ak \u010dasom prirodzene men\u00ed \u2013 naj\u010dastej\u0161ie vplyvom k\u00e1vy, \u010daju, faj\u010denia, stravy \u010di starnutia. V na\u0161ej ambulancii pon\u00fakame bezpe\u010dn\u00e9 a efekt\u00edvne dom\u00e1ce bielenie zubov pod doh\u013eadom zubn\u00e9ho lek\u00e1ra. Sp\u00f4soby dom\u00e1ceho bielenia<\/p>\n","protected":false},"author":1,"featured_media":0,"parent":0,"menu_order":0,"comment_status":"closed","ping_status":"closed","template":"","meta":{"footnotes":""},"class_list":["post-3161","page","type-page","status-publish","hentry"],"_links":{"self":[{"href":"https:\/\/www.eurodental.sk\/index.php?rest_route=\/wp\/v2\/pages\/3161","targetHints":{"allow":["GET"]}}],"collection":[{"href":"https:\/\/www.eurodental.sk\/index.php?rest_route=\/wp\/v2\/pages"}],"about":[{"href":"https:\/\/www.eurodental.sk\/index.php?rest_route=\/wp\/v2\/types\/page"}],"author":[{"embeddable":true,"href":"https:\/\/www.eurodental.sk\/index.php?rest_route=\/wp\/v2\/users\/1"}],"replies":[{"embeddable":true,"href":"https:\/\/www.eurodental.sk\/index.php?rest_route=%2Fwp%2Fv2%2Fcomments&post=3161"}],"version-history":[{"count":5,"href":"https:\/\/www.eurodental.sk\/index.php?rest_route=\/wp\/v2\/pages\/3161\/revisions"}],"predecessor-version":[{"id":3466,"href":"https:\/\/www.eurodental.sk\/index.php?rest_route=\/wp\/v2\/pages\/3161\/revisions\/3466"}],"wp:attachment":[{"href":"https:\/\/www.eurodental.sk\/index.php?rest_route=%2Fwp%2Fv2%2Fmedia&parent=3161"}],"curies":[{"name":"wp","href":"https:\/\/api.w.org\/{rel}","templated":true}]}}