{"id":3155,"date":"2025-12-10T00:16:41","date_gmt":"2025-12-09T23:16:41","guid":{"rendered":"http:\/\/temp.eurodental.sk\/?page_id=3155"},"modified":"2026-02-16T14:35:02","modified_gmt":"2026-02-16T13:35:02","slug":"chirurgicke-odstranenie-zubov-mudrosti","status":"publish","type":"page","link":"https:\/\/www.eurodental.sk\/?page_id=3155","title":{"rendered":"Chirurgick\u00e9 odstr\u00e1nenie zubov m\u00fadrosti"},"content":{"rendered":"<div id=\"pl-gb3155-69f4a891dad86\"  class=\"panel-layout\" ><div id=\"pg-gb3155-69f4a891dad86-0\"  class=\"panel-grid panel-has-style\" ><div class=\"divider-no-animation tablet-default mobile-default desktop-default custom panel-row-style panel-row-style-for-gb3155-69f4a891dad86-0\" ><div id=\"pgc-gb3155-69f4a891dad86-0-0\"  class=\"panel-grid-cell\" ><div id=\"panel-gb3155-69f4a891dad86-0-0-0\" class=\"so-panel widget widget_text panel-first-child panel-last-child\" data-index=\"0\" ><div class=\"orion custom default panel-widget-style panel-widget-style-for-gb3155-69f4a891dad86-0-0-0\" >\t\t\t<div class=\"textwidget\"><h2><b>Trhanie (extrakcia) zubu m\u00fadrosti<\/b><\/h2>\n<p class=\"p3\"><span class=\"s2\">Odstr\u00e1nenie zubov m\u00fadrosti sa odpor\u00fa\u010da najm\u00e4 v pr\u00edpadoch, ke\u010f sp\u00f4sobuj\u00fa <\/span><b>opakovan\u00e9 z\u00e1paly, bolesti, opuchy, zubn\u00fd kaz, ochorenia \u010fasien alebo nemaj\u00fa dostatok miesta na spr\u00e1vne prerezanie<\/b><span class=\"s2\">. \u010cast\u00fdm probl\u00e9mom je aj z\u00e1pal okolit\u00e9ho tkaniva \u2013 <\/span><b>perikoronit\u00edda<\/b><span class=\"s2\">.<\/span><\/p>\n<p class=\"p1\">\n<h3><b>Ako prebieha extrakcia<\/b><\/h3>\n<p class=\"p4\">Extrakcia zuba m\u00fadrosti sa vykon\u00e1va <span class=\"s3\"><b>v lok\u00e1lnom znecitliven\u00ed<\/b><\/span> priamo v na\u0161ej ambulancii sk\u00fasen\u00fdm zubn\u00fdm chirurgom. V n\u00e1ro\u010dnej\u0161\u00edch pr\u00edpadoch m\u00f4\u017ee by\u0165 pacient odoslan\u00fd na konzult\u00e1ciu k maxilofaci\u00e1lnemu chirurgovi, kde je mo\u017en\u00e9 z\u00e1krok realizova\u0165 aj <span class=\"s3\"><b>v sed\u00e1cii alebo celkovej anest\u00e9zii<\/b><\/span>.<\/p>\n<p class=\"p4\">Pred z\u00e1krokom prebehne konzult\u00e1cia a vy\u0161etrenie, n\u00e1sledne je napl\u00e1novan\u00fd samotn\u00fd term\u00edn extrakcie. Vo v\u00e4\u010d\u0161ine pr\u00edpadov sa <span class=\"s3\"><b>odstra\u0148uje jeden zub po\u010das jedn\u00e9ho sedenia<\/b><\/span>.<\/p>\n<p class=\"p1\">\n<h3><b>\u010co m\u00f4\u017eete o\u010dak\u00e1va\u0165 po z\u00e1kroku<\/b><\/h3>\n<p class=\"p4\">Po extrakcii sa m\u00f4\u017ee objavi\u0165:<\/p>\n<ul>\n<li>\n<p class=\"p1\">mierne krv\u00e1canie v prv\u00fdch hodin\u00e1ch<\/p>\n<\/li>\n<li>\n<p class=\"p1\">opuch alebo modrina v oblasti l\u00edca<\/p>\n<\/li>\n<li>\n<p class=\"p1\">stuhnutos\u0165 svalov a s\u0165a\u017een\u00e9 otv\u00e1ranie \u00fast<\/p>\n<\/li>\n<\/ul>\n<p class=\"p4\">Tieto prejavy s\u00fa <span class=\"s3\"><b>do\u010dasn\u00e9<\/b><\/span> a zvy\u010dajne ust\u00fapia v priebehu <span class=\"s3\"><b>nieko\u013ek\u00fdch dn\u00ed a\u017e dvoch t\u00fd\u017ed\u0148ov<\/b><\/span>. Na zvl\u00e1dnutie bolesti posta\u010duj\u00fa be\u017ene dostupn\u00e9 lieky proti bolesti.<\/p>\n<p class=\"p1\">\n<h3><b>Mo\u017en\u00e9 komplik\u00e1cie<\/b><\/h3>\n<p class=\"p4\">Zriedkavo m\u00f4\u017ee d\u00f4js\u0165 k:<\/p>\n<ul>\n<li>\n<p class=\"p1\">z\u00e1palu extrak\u010dn\u00e9ho l\u00f4\u017eka<\/p>\n<\/li>\n<li>\n<p class=\"p1\">pretrv\u00e1vaj\u00facemu opuchu alebo bolestivosti<\/p>\n<\/li>\n<li>\n<p class=\"p1\">do\u010dasn\u00e9mu mrav\u010deniu alebo zn\u00ed\u017eenej citlivosti pery \u010di jazyka<\/p>\n<\/li>\n<\/ul>\n<p class=\"p4\">O v\u0161etk\u00fdch rizik\u00e1ch a priebehu hojenia v\u00e1s zubn\u00fd lek\u00e1r <span class=\"s3\"><b>podrobne informuje pred z\u00e1krokom<\/b><\/span>.<\/p>\n<\/div>\n\t\t<\/div><\/div><\/div><div id=\"pgc-gb3155-69f4a891dad86-0-1\"  class=\"panel-grid-cell\" ><div id=\"panel-gb3155-69f4a891dad86-0-1-0\" class=\"so-panel widget widget_orion_image_w panel-first-child panel-last-child\" data-index=\"1\" ><div class=\"orion custom default panel-widget-style panel-widget-style-for-gb3155-69f4a891dad86-0-1-0\" ><div\n\t\t\t\n\t\t\tclass=\"so-widget-orion_image_w so-widget-orion_image_w-base\"\n\t\t\t\n\t\t>\r\n<div class=\"image-w relative rounded\">\r\n\r\n\t\t\t\t\t\t\t<div class=\"orion_circle image-wrap rounded overlay-none overlay-hover-none\">\r\n\t\t\r\n\t\t\t\t<div class=\"circle-wrap\">\r\n\t\t\t\t\t<img loading=\"lazy\" decoding=\"async\" width=\"750\" height=\"750\" src=\"https:\/\/www.eurodental.sk\/wp-content\/uploads\/2026\/02\/image-4-750x750.png\" class=\"attachment-orion_square size-orion_square\" alt=\"\" \/>\t\t\t<div class=\"overlay\"><\/div>\r\n\t\t\t\t<\/div>\r\n\t\t\r\n\t\t\t\t\t<\/div>\r\n\t\t\t\r\n\t\r\n\t<div class=\"absolute\">\r\n\t\t<div class=\"hover-desc table-wrap\">\r\n\t\t\t<div class=\"cell-wrap\">\r\n\t\t\t\t<h4 class=\"text-light\"><\/h4>\r\n\t\t\t<\/div>\r\n\t\t<\/div>\r\n\t<\/div>\t\t\t\t\t\r\n<\/div>\r\n\r\n<\/div><\/div><\/div><\/div><\/div><\/div><\/div>","protected":false},"excerpt":{"rendered":"<p>Trhanie (extrakcia) zubu m\u00fadrosti Odstr\u00e1nenie zubov m\u00fadrosti sa odpor\u00fa\u010da najm\u00e4 v pr\u00edpadoch, ke\u010f sp\u00f4sobuj\u00fa opakovan\u00e9 z\u00e1paly, bolesti, opuchy, zubn\u00fd kaz, ochorenia \u010fasien alebo nemaj\u00fa dostatok miesta na spr\u00e1vne prerezanie. \u010cast\u00fdm probl\u00e9mom je aj z\u00e1pal okolit\u00e9ho tkaniva \u2013 perikoronit\u00edda. Ako prebieha extrakcia Extrakcia zuba m\u00fadrosti sa vykon\u00e1va v lok\u00e1lnom znecitliven\u00ed priamo v na\u0161ej ambulancii sk\u00fasen\u00fdm zubn\u00fdm<\/p>\n","protected":false},"author":1,"featured_media":0,"parent":0,"menu_order":0,"comment_status":"closed","ping_status":"closed","template":"","meta":{"footnotes":""},"class_list":["post-3155","page","type-page","status-publish","hentry"],"_links":{"self":[{"href":"https:\/\/www.eurodental.sk\/index.php?rest_route=\/wp\/v2\/pages\/3155","targetHints":{"allow":["GET"]}}],"collection":[{"href":"https:\/\/www.eurodental.sk\/index.php?rest_route=\/wp\/v2\/pages"}],"about":[{"href":"https:\/\/www.eurodental.sk\/index.php?rest_route=\/wp\/v2\/types\/page"}],"author":[{"embeddable":true,"href":"https:\/\/www.eurodental.sk\/index.php?rest_route=\/wp\/v2\/users\/1"}],"replies":[{"embeddable":true,"href":"https:\/\/www.eurodental.sk\/index.php?rest_route=%2Fwp%2Fv2%2Fcomments&post=3155"}],"version-history":[{"count":4,"href":"https:\/\/www.eurodental.sk\/index.php?rest_route=\/wp\/v2\/pages\/3155\/revisions"}],"predecessor-version":[{"id":3468,"href":"https:\/\/www.eurodental.sk\/index.php?rest_route=\/wp\/v2\/pages\/3155\/revisions\/3468"}],"wp:attachment":[{"href":"https:\/\/www.eurodental.sk\/index.php?rest_route=%2Fwp%2Fv2%2Fmedia&parent=3155"}],"curies":[{"name":"wp","href":"https:\/\/api.w.org\/{rel}","templated":true}]}}