{"id":3154,"date":"2025-12-10T00:16:41","date_gmt":"2025-12-09T23:16:41","guid":{"rendered":"http:\/\/temp.eurodental.sk\/?page_id=3154"},"modified":"2025-12-17T16:47:03","modified_gmt":"2025-12-17T15:47:03","slug":"zubne-implantaty","status":"publish","type":"page","link":"https:\/\/www.eurodental.sk\/?page_id=3154","title":{"rendered":"Zubn\u00e9 implant\u00e1ty"},"content":{"rendered":"<div id=\"pl-gb3154-69f4a9620946f\"  class=\"panel-layout\" ><div id=\"pg-gb3154-69f4a9620946f-0\"  class=\"panel-grid panel-has-style\" ><div class=\"divider-no-animation tablet-default mobile-default desktop-default custom panel-row-style panel-row-style-for-gb3154-69f4a9620946f-0\" ><div id=\"pgc-gb3154-69f4a9620946f-0-0\"  class=\"panel-grid-cell\" ><div id=\"panel-gb3154-69f4a9620946f-0-0-0\" class=\"so-panel widget widget_text panel-first-child panel-last-child\" data-index=\"0\" ><div class=\"orion custom default panel-widget-style panel-widget-style-for-gb3154-69f4a9620946f-0-0-0\" >\t\t\t<div class=\"textwidget\"><h2><b>Zubn\u00e9 implant\u00e1ty<\/b><\/h2>\n<p class=\"p3\">Zubn\u00e9 implant\u00e1ty patria medzi <span class=\"s2\"><b>najmodernej\u0161ie a najspo\u013eahlivej\u0161ie rie\u0161enia n\u00e1hrady ch\u00fdbaj\u00facich zubov<\/b><\/span>. Predstavuj\u00fa komfortn\u00fa alternat\u00edvu k sn\u00edmate\u013en\u00fdm prot\u00e9zam, ktor\u00e9 sa opieraj\u00fa o \u010fasno a m\u00f4\u017eu p\u00f4sobi\u0165 neprirodzene.<\/p>\n<p class=\"p3\">Implant\u00e1t je <span class=\"s2\"><b>pevne ukotven\u00fd v kosti<\/b><\/span>, v\u010faka \u010domu sa spr\u00e1va ako prirodzen\u00fd zub \u2013 neobmedzuje pri rozpr\u00e1van\u00ed ani pri jeden\u00ed a zachov\u00e1va prirodzen\u00fd vzh\u013ead \u00fasmevu. V porovnan\u00ed s most\u00edkom nie je potrebn\u00e9 obrusova\u0165 zdrav\u00e9 susedn\u00e9 zuby.<\/p>\n<p class=\"p3\">Zavedenie implant\u00e1tu je <span class=\"s2\"><b>\u0161etrn\u00e9 a bezbolestn\u00e9 o\u0161etrenie<\/b><\/span>, ktor\u00e9 umo\u017e\u0148uje nahradi\u0165 jeden alebo viac ch\u00fdbaj\u00facich zubov a vr\u00e1ti\u0165 sa k plnohodnotn\u00e9mu fungovaniu bez nepr\u00edjemn\u00fdch kompromisov.<\/p>\n<\/div>\n\t\t<\/div><\/div><\/div><div id=\"pgc-gb3154-69f4a9620946f-0-1\"  class=\"panel-grid-cell\" ><div id=\"panel-gb3154-69f4a9620946f-0-1-0\" class=\"so-panel widget widget_orion_image_w panel-first-child panel-last-child\" data-index=\"1\" ><div class=\"orion custom default panel-widget-style panel-widget-style-for-gb3154-69f4a9620946f-0-1-0\" ><div\n\t\t\t\n\t\t\tclass=\"so-widget-orion_image_w so-widget-orion_image_w-base\"\n\t\t\t\n\t\t>\r\n<div class=\"image-w relative rounded\">\r\n\r\n\t\t\t\t\t\t\t<div class=\"orion_circle image-wrap rounded overlay-none overlay-hover-none\">\r\n\t\t\r\n\t\t\t\t<div class=\"circle-wrap\">\r\n\t\t\t\t\t<img loading=\"lazy\" decoding=\"async\" width=\"750\" height=\"750\" src=\"https:\/\/www.eurodental.sk\/wp-content\/uploads\/2025\/12\/jonathan-borba-uNikvblaL9c-unsplash-750x750.jpg\" class=\"attachment-orion_square size-orion_square\" alt=\"\" \/>\t\t\t<div class=\"overlay\"><\/div>\r\n\t\t\t\t<\/div>\r\n\t\t\r\n\t\t\t\t\t<\/div>\r\n\t\t\t\r\n\t\r\n\t<div class=\"absolute\">\r\n\t\t<div class=\"hover-desc table-wrap\">\r\n\t\t\t<div class=\"cell-wrap\">\r\n\t\t\t\t<h4 class=\"text-light\"><\/h4>\r\n\t\t\t<\/div>\r\n\t\t<\/div>\r\n\t<\/div>\t\t\t\t\t\r\n<\/div>\r\n\r\n<\/div><\/div><\/div><\/div><\/div><\/div><\/div>","protected":false},"excerpt":{"rendered":"<p>Zubn\u00e9 implant\u00e1ty Zubn\u00e9 implant\u00e1ty patria medzi najmodernej\u0161ie a najspo\u013eahlivej\u0161ie rie\u0161enia n\u00e1hrady ch\u00fdbaj\u00facich zubov. Predstavuj\u00fa komfortn\u00fa alternat\u00edvu k sn\u00edmate\u013en\u00fdm prot\u00e9zam, ktor\u00e9 sa opieraj\u00fa o \u010fasno a m\u00f4\u017eu p\u00f4sobi\u0165 neprirodzene. Implant\u00e1t je pevne ukotven\u00fd v kosti, v\u010faka \u010domu sa spr\u00e1va ako prirodzen\u00fd zub \u2013 neobmedzuje pri rozpr\u00e1van\u00ed ani pri jeden\u00ed a zachov\u00e1va prirodzen\u00fd vzh\u013ead \u00fasmevu. V porovnan\u00ed<\/p>\n","protected":false},"author":1,"featured_media":0,"parent":0,"menu_order":0,"comment_status":"closed","ping_status":"closed","template":"","meta":{"footnotes":""},"class_list":["post-3154","page","type-page","status-publish","hentry"],"_links":{"self":[{"href":"https:\/\/www.eurodental.sk\/index.php?rest_route=\/wp\/v2\/pages\/3154","targetHints":{"allow":["GET"]}}],"collection":[{"href":"https:\/\/www.eurodental.sk\/index.php?rest_route=\/wp\/v2\/pages"}],"about":[{"href":"https:\/\/www.eurodental.sk\/index.php?rest_route=\/wp\/v2\/types\/page"}],"author":[{"embeddable":true,"href":"https:\/\/www.eurodental.sk\/index.php?rest_route=\/wp\/v2\/users\/1"}],"replies":[{"embeddable":true,"href":"https:\/\/www.eurodental.sk\/index.php?rest_route=%2Fwp%2Fv2%2Fcomments&post=3154"}],"version-history":[{"count":3,"href":"https:\/\/www.eurodental.sk\/index.php?rest_route=\/wp\/v2\/pages\/3154\/revisions"}],"predecessor-version":[{"id":3264,"href":"https:\/\/www.eurodental.sk\/index.php?rest_route=\/wp\/v2\/pages\/3154\/revisions\/3264"}],"wp:attachment":[{"href":"https:\/\/www.eurodental.sk\/index.php?rest_route=%2Fwp%2Fv2%2Fmedia&parent=3154"}],"curies":[{"name":"wp","href":"https:\/\/api.w.org\/{rel}","templated":true}]}}