{"id":3145,"date":"2025-12-10T00:14:28","date_gmt":"2025-12-09T23:14:28","guid":{"rendered":"http:\/\/temp.eurodental.sk\/?page_id=3145"},"modified":"2026-03-13T10:08:25","modified_gmt":"2026-03-13T09:08:25","slug":"rtg","status":"publish","type":"page","link":"https:\/\/www.eurodental.sk\/?page_id=3145","title":{"rendered":"RTG"},"content":{"rendered":"<div id=\"pl-gb3145-69f4ab34462ee\"  class=\"panel-layout\" ><div id=\"pg-gb3145-69f4ab34462ee-0\"  class=\"panel-grid panel-has-style\" ><div class=\"divider-no-animation tablet-default mobile-default desktop-default custom panel-row-style panel-row-style-for-gb3145-69f4ab34462ee-0\" ><div id=\"pgc-gb3145-69f4ab34462ee-0-0\"  class=\"panel-grid-cell\" ><div id=\"panel-gb3145-69f4ab34462ee-0-0-0\" class=\"so-panel widget widget_text panel-first-child panel-last-child\" data-index=\"0\" ><div class=\"orion custom default panel-widget-style panel-widget-style-for-gb3145-69f4ab34462ee-0-0-0\" >\t\t\t<div class=\"textwidget\"><h2><b>R\u00f6ntgen (RTG) zubov<\/b><\/h2>\n<p class=\"p3\">R\u00f6ntgenov\u00e9 vy\u0161etrenie zubov je <span class=\"s2\"><b>d\u00f4le\u017eitou s\u00fa\u010das\u0165ou modernej stomatologickej diagnostiky<\/b><\/span>. Umo\u017e\u0148uje odhali\u0165 probl\u00e9my, ktor\u00e9 nie s\u00fa vidite\u013en\u00e9 vo\u013en\u00fdm okom \u2013 napr\u00edklad za\u010d\u00ednaj\u00faci zubn\u00fd kaz, z\u00e1pal v okol\u00ed kore\u0148ov, stav kore\u0148ov\u00fdch kan\u00e1likov \u010di zmeny v kosti.<\/p>\n<p class=\"p3\">V\u010faka RTG sn\u00edmkam vie zubn\u00fd lek\u00e1r <span class=\"s2\"><b>presne ur\u010di\u0165 rozsah probl\u00e9mu<\/b><\/span> a zvoli\u0165 najvhodnej\u0161\u00ed postup o\u0161etrenia.<\/p>\n<h3><b>\u010co dok\u00e1\u017ee RTG vy\u0161etrenie odhali\u0165<\/b><\/h3>\n<ul>\n<li>\n<p class=\"p1\">zubn\u00fd kaz pod v\u00fdpl\u0148ami alebo v sklovine<\/p>\n<\/li>\n<li>\n<p class=\"p1\">z\u00e1palov\u00e9 lo\u017eisk\u00e1 v okol\u00ed kore\u0148a zuba<\/p>\n<\/li>\n<li>\n<p class=\"p1\">\u00fabytok kosti pri ochoreniach z\u00e1vesn\u00e9ho apar\u00e1tu<\/p>\n<\/li>\n<li>\n<p class=\"p1\">stav kore\u0148ov\u00fdch kan\u00e1likov<\/p>\n<\/li>\n<li>\n<p class=\"p1\">v\u00fdvoj a polohu trval\u00fdch zubov u det\u00ed<\/p>\n<\/li>\n<li>\n<p class=\"p1\">polohu zubov m\u00fadrosti a n\u00e1ro\u010dnos\u0165 ich odstr\u00e1nenia<\/p>\n<\/li>\n<\/ul>\n<p class=\"p4\"><span class=\"s3\">V\u010dasn\u00e1 diagnostika \u010dasto znamen\u00e1 <\/span><b>jednoduch\u0161ie, r\u00fdchlej\u0161ie a lacnej\u0161ie o\u0161etrenie<\/b><span class=\"s3\">.<\/span><\/p>\n<p class=\"p1\">V r\u00e1mci RTG vy\u0161etren\u00ed realizujeme <span class=\"s1\"><b>intraor\u00e1lne sn\u00edmky<\/b><\/span> v r\u00f4znych projekci\u00e1ch, <span class=\"s1\"><b>panoramatick\u00e9 sn\u00edmky (OPG)<\/b><\/span> a tie\u017e <span class=\"s1\"><b>CBCT vy\u0161etrenie<\/b><\/span> celej tv\u00e1rovej oblasti v r\u00f4znych ve\u013ekostiach pod\u013ea potreby. CBCT je mo\u017en\u00e9 indikova\u0165 aj na vy\u0161etrenie <span class=\"s1\"><b>pr\u00ednosov\u00fdch a \u010de\u013eustn\u00fdch dut\u00edn<\/b><\/span> alebo <span class=\"s1\"><b>temporomandibul\u00e1rneho k\u013abu (TMK)<\/b><\/span>.<\/p>\n<h3><b>Je r\u00f6ntgen bezpe\u010dn\u00fd?<\/b><\/h3>\n<p class=\"p3\">V na\u0161ej ambulancii pou\u017e\u00edvame <span class=\"s2\"><b>modern\u00fd digit\u00e1lny r\u00f6ntgen<\/b><\/span>, ktor\u00fd pracuje s <span class=\"s2\"><b>minim\u00e1lnou d\u00e1vkou \u017eiarenia<\/b><\/span>. D\u00e1vka pri jednom zubnom RTG je v\u00fdrazne ni\u017e\u0161ia ako be\u017en\u00e9 \u017eiarenie z pr\u00edrodn\u00fdch zdrojov, ktor\u00fdm je \u010dlovek vystaven\u00fd ka\u017ed\u00fd de\u0148.<\/p>\n<p class=\"p3\">Pre porovnanie:<\/p>\n<ul>\n<li>\n<p class=\"p1\">zubn\u00fd RTG sn\u00edmok: pribli\u017ene <span class=\"s1\"><b>4 \u00b5Sv<\/b><b><\/b><\/span><\/p>\n<\/li>\n<li>\n<p class=\"p1\">let lietadlom: cca <span class=\"s1\"><b>5 \u00b5Sv za hodinu<\/b><b><\/b><\/span><\/p>\n<\/li>\n<li>\n<p class=\"p1\">prirodzen\u00e9 \u017eiarenie za rok: cca <span class=\"s1\"><b>2400 \u00b5Sv<\/b><\/span><\/p>\n<\/li>\n<\/ul>\n<\/div>\n\t\t<\/div><\/div><\/div><div id=\"pgc-gb3145-69f4ab34462ee-0-1\"  class=\"panel-grid-cell\" ><div id=\"panel-gb3145-69f4ab34462ee-0-1-0\" class=\"so-panel widget widget_orion_image_w panel-first-child\" data-index=\"1\" ><div class=\"orion custom default panel-widget-style panel-widget-style-for-gb3145-69f4ab34462ee-0-1-0\" ><div\n\t\t\t\n\t\t\tclass=\"so-widget-orion_image_w so-widget-orion_image_w-base\"\n\t\t\t\n\t\t>\r\n<div class=\"image-w relative rounded\">\r\n\r\n\t\t\t\t\t\t\t<div class=\"orion_circle image-wrap rounded overlay-none overlay-hover-none\">\r\n\t\t\r\n\t\t\t\t<div class=\"circle-wrap\">\r\n\t\t\t\t\t<img loading=\"lazy\" decoding=\"async\" width=\"750\" height=\"750\" src=\"https:\/\/www.eurodental.sk\/wp-content\/uploads\/2026\/02\/WhatsApp-Image-2026-02-17-at-18.44.04-750x750.jpeg\" class=\"attachment-orion_square size-orion_square\" alt=\"\" \/>\t\t\t<div class=\"overlay\"><\/div>\r\n\t\t\t\t<\/div>\r\n\t\t\r\n\t\t\t\t\t<\/div>\r\n\t\t\t\r\n\t\r\n\t<div class=\"absolute\">\r\n\t\t<div class=\"hover-desc table-wrap\">\r\n\t\t\t<div class=\"cell-wrap\">\r\n\t\t\t\t<h4 class=\"text-light\"><\/h4>\r\n\t\t\t<\/div>\r\n\t\t<\/div>\r\n\t<\/div>\t\t\t\t\t\r\n<\/div>\r\n\r\n<\/div><\/div><\/div><div id=\"panel-gb3145-69f4ab34462ee-0-1-1\" class=\"so-panel widget widget_orion_empty_space_w\" data-index=\"2\" ><div class=\"hidden-xs orion custom default panel-widget-style panel-widget-style-for-gb3145-69f4ab34462ee-0-1-1\" ><div\n\t\t\t\n\t\t\tclass=\"so-widget-orion_empty_space_w so-widget-orion_empty_space_w-base\"\n\t\t\t\n\t\t>\t<div class=\"row empty-space visible-lg visible-md visible-sm visible-xs\" style=\"height:110px;\">\r\n\t<\/div><\/div><\/div><\/div><div id=\"panel-gb3145-69f4ab34462ee-0-1-2\" class=\"so-panel widget widget_orion_image_w panel-last-child\" data-index=\"3\" ><div class=\"hidden-xs orion custom default panel-widget-style panel-widget-style-for-gb3145-69f4ab34462ee-0-1-2\" ><div\n\t\t\t\n\t\t\tclass=\"so-widget-orion_image_w so-widget-orion_image_w-base\"\n\t\t\t\n\t\t>\r\n<div class=\"image-w relative rounded\">\r\n\r\n\t\t\t\t\t\t\t<div class=\"orion_circle image-wrap rounded overlay-none overlay-hover-none\">\r\n\t\t\r\n\t\t\t\t<div class=\"circle-wrap\">\r\n\t\t\t\t\t<img loading=\"lazy\" decoding=\"async\" width=\"750\" height=\"750\" src=\"https:\/\/www.eurodental.sk\/wp-content\/uploads\/2026\/03\/MM-8890-750x750.jpg\" class=\"attachment-orion_square size-orion_square\" alt=\"\" \/>\t\t\t<div class=\"overlay\"><\/div>\r\n\t\t\t\t<\/div>\r\n\t\t\r\n\t\t\t\t\t<\/div>\r\n\t\t\t\r\n\t\r\n\t<div class=\"absolute\">\r\n\t\t<div class=\"hover-desc table-wrap\">\r\n\t\t\t<div class=\"cell-wrap\">\r\n\t\t\t\t<h4 class=\"text-light\"><\/h4>\r\n\t\t\t<\/div>\r\n\t\t<\/div>\r\n\t<\/div>\t\t\t\t\t\r\n<\/div>\r\n\r\n<\/div><\/div><\/div><\/div><\/div><\/div><div id=\"pg-gb3145-69f4ab34462ee-1\"  class=\"panel-grid panel-has-style\" ><div class=\"divider-no-animation tablet-default mobile-default desktop-default custom panel-row-style panel-row-style-for-gb3145-69f4ab34462ee-1\" ><div id=\"pgc-gb3145-69f4ab34462ee-1-0\"  class=\"panel-grid-cell\" ><div id=\"panel-gb3145-69f4ab34462ee-1-0-0\" class=\"so-panel widget widget_orion_empty_space_w panel-first-child\" data-index=\"4\" ><div class=\"hidden-xs orion custom default panel-widget-style panel-widget-style-for-gb3145-69f4ab34462ee-1-0-0\" ><div\n\t\t\t\n\t\t\tclass=\"so-widget-orion_empty_space_w so-widget-orion_empty_space_w-base\"\n\t\t\t\n\t\t>\t<div class=\"row empty-space visible-lg visible-md visible-sm visible-xs\" style=\"height:50px;\">\r\n\t<\/div><\/div><\/div><\/div><div id=\"panel-gb3145-69f4ab34462ee-1-0-1\" class=\"so-panel widget widget_orion_image_w panel-last-child\" data-index=\"5\" ><div class=\"hidden-xs orion custom default panel-widget-style panel-widget-style-for-gb3145-69f4ab34462ee-1-0-1\" ><div\n\t\t\t\n\t\t\tclass=\"so-widget-orion_image_w so-widget-orion_image_w-base\"\n\t\t\t\n\t\t>\r\n<div class=\"image-w relative rounded\">\r\n\r\n\t\t\t\t\t\t\t<div class=\"orion_circle image-wrap rounded overlay-none overlay-hover-none\">\r\n\t\t\r\n\t\t\t\t<div class=\"circle-wrap\">\r\n\t\t\t\t\t<img loading=\"lazy\" decoding=\"async\" width=\"750\" height=\"750\" src=\"https:\/\/www.eurodental.sk\/wp-content\/uploads\/2025\/12\/ozkan-guner-bhVjdJU0hpg-unsplash-750x750.jpg\" class=\"attachment-orion_square size-orion_square\" alt=\"\" \/>\t\t\t<div class=\"overlay\"><\/div>\r\n\t\t\t\t<\/div>\r\n\t\t\r\n\t\t\t\t\t<\/div>\r\n\t\t\t\r\n\t\r\n\t<div class=\"absolute\">\r\n\t\t<div class=\"hover-desc table-wrap\">\r\n\t\t\t<div class=\"cell-wrap\">\r\n\t\t\t\t<h4 class=\"text-light\"><\/h4>\r\n\t\t\t<\/div>\r\n\t\t<\/div>\r\n\t<\/div>\t\t\t\t\t\r\n<\/div>\r\n\r\n<\/div><\/div><\/div><\/div><div id=\"pgc-gb3145-69f4ab34462ee-1-1\"  class=\"panel-grid-cell panel-grid-cell-empty\" ><\/div><div id=\"pgc-gb3145-69f4ab34462ee-1-2\"  class=\"panel-grid-cell\" ><div id=\"panel-gb3145-69f4ab34462ee-1-2-0\" class=\"so-panel widget widget_orion_empty_space_w panel-first-child\" data-index=\"6\" ><div class=\"orion custom default panel-widget-style panel-widget-style-for-gb3145-69f4ab34462ee-1-2-0\" ><div\n\t\t\t\n\t\t\tclass=\"so-widget-orion_empty_space_w so-widget-orion_empty_space_w-base\"\n\t\t\t\n\t\t>\t<div class=\"row empty-space visible-lg visible-md visible-sm visible-xs\" style=\"height:88px;\">\r\n\t<\/div><\/div><\/div><\/div><div id=\"panel-gb3145-69f4ab34462ee-1-2-1\" class=\"so-panel widget widget_text panel-last-child\" data-index=\"7\" ><div class=\"orion custom default panel-widget-style panel-widget-style-for-gb3145-69f4ab34462ee-1-2-1\" >\t\t\t<div class=\"textwidget\"><h3><b>RTG a tehotenstvo<\/b><\/h3>\n<p class=\"p3\">Ak ste tehotn\u00e1 alebo m\u00e1te podozrenie na tehotenstvo, je <span class=\"s2\"><b>nevyhnutn\u00e9 informova\u0165 zubn\u00e9ho lek\u00e1ra vopred<\/b><\/span>. R\u00f6ntgenov\u00e9 vy\u0161etrenie sa v takom pr\u00edpade vykon\u00e1va len v nevyhnutn\u00fdch pr\u00edpadoch, najm\u00e4 sa vyh\u00fdbame sn\u00edmkovaniu v prvom trimestri.<\/p>\n<h3><\/h3>\n<h3><b>Poskytovanie RTG sn\u00edmok<\/b><\/h3>\n<p class=\"p3\">R\u00f6ntgenov\u00e9 sn\u00edmky s\u00fa s\u00fa\u010das\u0165ou va\u0161ej zdravotnej dokument\u00e1cie a zost\u00e1vaj\u00fa archivovan\u00e9 v ambulancii. V\u00e4\u010d\u0161ina o\u0161etren\u00ed nevy\u017eaduje pren\u00e1\u0161anie star\u0161\u00edch RTG sn\u00edmok k in\u00e9mu zubn\u00e9mu lek\u00e1rovi.<\/p>\n<\/div>\n\t\t<\/div><\/div><\/div><\/div><\/div><\/div>","protected":false},"excerpt":{"rendered":"<p>R\u00f6ntgen (RTG) zubov R\u00f6ntgenov\u00e9 vy\u0161etrenie zubov je d\u00f4le\u017eitou s\u00fa\u010das\u0165ou modernej stomatologickej diagnostiky. Umo\u017e\u0148uje odhali\u0165 probl\u00e9my, ktor\u00e9 nie s\u00fa vidite\u013en\u00e9 vo\u013en\u00fdm okom \u2013 napr\u00edklad za\u010d\u00ednaj\u00faci zubn\u00fd kaz, z\u00e1pal v okol\u00ed kore\u0148ov, stav kore\u0148ov\u00fdch kan\u00e1likov \u010di zmeny v kosti. V\u010faka RTG sn\u00edmkam vie zubn\u00fd lek\u00e1r presne ur\u010di\u0165 rozsah probl\u00e9mu a zvoli\u0165 najvhodnej\u0161\u00ed postup o\u0161etrenia. \u010co dok\u00e1\u017ee RTG<\/p>\n","protected":false},"author":1,"featured_media":0,"parent":0,"menu_order":0,"comment_status":"closed","ping_status":"closed","template":"","meta":{"footnotes":""},"class_list":["post-3145","page","type-page","status-publish","hentry"],"_links":{"self":[{"href":"https:\/\/www.eurodental.sk\/index.php?rest_route=\/wp\/v2\/pages\/3145","targetHints":{"allow":["GET"]}}],"collection":[{"href":"https:\/\/www.eurodental.sk\/index.php?rest_route=\/wp\/v2\/pages"}],"about":[{"href":"https:\/\/www.eurodental.sk\/index.php?rest_route=\/wp\/v2\/types\/page"}],"author":[{"embeddable":true,"href":"https:\/\/www.eurodental.sk\/index.php?rest_route=\/wp\/v2\/users\/1"}],"replies":[{"embeddable":true,"href":"https:\/\/www.eurodental.sk\/index.php?rest_route=%2Fwp%2Fv2%2Fcomments&post=3145"}],"version-history":[{"count":30,"href":"https:\/\/www.eurodental.sk\/index.php?rest_route=\/wp\/v2\/pages\/3145\/revisions"}],"predecessor-version":[{"id":3525,"href":"https:\/\/www.eurodental.sk\/index.php?rest_route=\/wp\/v2\/pages\/3145\/revisions\/3525"}],"wp:attachment":[{"href":"https:\/\/www.eurodental.sk\/index.php?rest_route=%2Fwp%2Fv2%2Fmedia&parent=3145"}],"curies":[{"name":"wp","href":"https:\/\/api.w.org\/{rel}","templated":true}]}}