{"id":3143,"date":"2025-12-10T00:14:28","date_gmt":"2025-12-09T23:14:28","guid":{"rendered":"http:\/\/temp.eurodental.sk\/?page_id=3143"},"modified":"2026-02-16T14:46:37","modified_gmt":"2026-02-16T13:46:37","slug":"vyplne-zubov","status":"publish","type":"page","link":"https:\/\/www.eurodental.sk\/?page_id=3143","title":{"rendered":"V\u00fdplne zubov"},"content":{"rendered":"<div id=\"pl-gb3143-69f4a9ecdb576\"  class=\"panel-layout\" ><div id=\"pg-gb3143-69f4a9ecdb576-0\"  class=\"panel-grid panel-has-style\" ><div class=\"divider-no-animation tablet-default mobile-default desktop-default custom panel-row-style panel-row-style-for-gb3143-69f4a9ecdb576-0\" ><div id=\"pgc-gb3143-69f4a9ecdb576-0-0\"  class=\"panel-grid-cell\" ><div id=\"panel-gb3143-69f4a9ecdb576-0-0-0\" class=\"so-panel widget widget_text panel-first-child panel-last-child\" data-index=\"0\" ><div class=\"orion custom default panel-widget-style panel-widget-style-for-gb3143-69f4a9ecdb576-0-0-0\" >\t\t\t<div class=\"textwidget\"><h2><b>Plomba (v\u00fdplne zubov)<\/b><\/h2>\n<p class=\"p3\">Zubn\u00e9 v\u00fdplne sl\u00fa\u017eia na <span class=\"s2\"><b>o\u0161etrenie zubn\u00e9ho kazu alebo po\u0161koden\u00e9ho zubn\u00e9ho tkaniva<\/b><\/span>. V s\u00fa\u010dasnosti s\u00fa naj\u010dastej\u0161ou vo\u013ebou <span class=\"s2\"><b>biele (kompozitn\u00e9) v\u00fdplne<\/b><\/span>, ktor\u00e9 sa vyzna\u010duj\u00fa prirodzen\u00fdm vzh\u013eadom a dobrou trv\u00e1cnos\u0165ou. V\u010faka tomu \u010dasto nie je mo\u017en\u00e9 rozozna\u0165 v\u00fdpl\u0148 od vlastn\u00e9ho zuba.<\/p>\n<p class=\"p1\">\n<h3><b>Biele kompozitn\u00e9 v\u00fdplne<\/b><\/h3>\n<p class=\"p3\">Modern\u00e9 kompozitn\u00e9 materi\u00e1ly s\u00fa pevn\u00e9, odoln\u00e9 a <span class=\"s2\"><b>via\u017eu sa priamo na \u0161trukt\u00faru zuba<\/b><\/span>, \u010do umo\u017e\u0148uje odstr\u00e1ni\u0165 len minim\u00e1lne mno\u017estvo zdrav\u00e9ho zubn\u00e9ho tkaniva. V porovnan\u00ed s amalg\u00e1mov\u00fdmi (strieborn\u00fdmi) v\u00fdpl\u0148ami s\u00fa <span class=\"s2\"><b>estetickej\u0161ie<\/b><\/span>a \u0161etrnej\u0161ie k zubu.<\/p>\n<p class=\"p3\">Nie ka\u017ed\u00fd zub je v\u0161ak vhodn\u00fd na kompozitn\u00fa v\u00fdpl\u0148. Pri ve\u013emi rozsiahlych kazoch m\u00f4\u017ee by\u0165 vy\u0161\u0161ie riziko citlivosti alebo krat\u0161ej \u017eivotnosti v\u00fdplne. V\u0161etky mo\u017enosti a vhodn\u00e9 rie\u0161enie v\u00e1m zubn\u00fd lek\u00e1r <span class=\"s2\"><b>vysvetl\u00ed pred z\u00e1krokom<\/b><\/span>.<\/p>\n<p class=\"p1\">\n<h3><b>Ako prebieha o\u0161etrenie<\/b><\/h3>\n<p>&nbsp;<\/p>\n<p class=\"p1\">\n<ul>\n<li>\n<p class=\"p1\">lok\u00e1lne znecitlivenie zuba<\/p>\n<\/li>\n<li>\n<p class=\"p1\">odstr\u00e1nenie kazu alebo starej v\u00fdplne<\/p>\n<\/li>\n<li>\n<p class=\"p1\">v\u00fdber spr\u00e1vneho odtie\u0148a v\u00fdplne<\/p>\n<\/li>\n<li>\n<p class=\"p1\">vrstven\u00e9 nanesenie a tvarovanie kompozitu<\/p>\n<\/li>\n<li>\n<p class=\"p1\">vytvrdenie modr\u00fdm svetlom<\/p>\n<\/li>\n<li>\n<p class=\"p1\">kontrola zhryzu a \u00faprava v\u00fdplne<\/p>\n<\/li>\n<\/ul>\n<p class=\"p3\">Po z\u00e1kroku m\u00f4\u017eete <span class=\"s2\"><b>jes\u0165 a pi\u0165 ihne\u010f<\/b><\/span>, odpor\u00fa\u010da sa v\u0161ak po\u010dka\u0165, k\u00fdm odznie anest\u00e9zia.<\/p>\n<p class=\"p1\">\n<h3><b>Trvanie z\u00e1kroku<\/b><\/h3>\n<p class=\"p3\">O\u0161etrenie trv\u00e1 pribli\u017ene <span class=\"s2\"><b>15\u201345 min\u00fat<\/b><\/span>, v z\u00e1vislosti od ve\u013ekosti a n\u00e1ro\u010dnosti v\u00fdplne.<\/p>\n<p class=\"p1\">\n<h3><b>V\u00fdhody kompozitn\u00fdch v\u00fdpln\u00ed<\/b><\/h3>\n<ul>\n<li>\n<p class=\"p1\">prirodzen\u00fd vzh\u013ead<\/p>\n<\/li>\n<li>\n<p class=\"p1\">zachovanie maxim\u00e1lneho mno\u017estva zubn\u00e9ho tkaniva<\/p>\n<\/li>\n<li>\n<p class=\"p1\">mo\u017enos\u0165 presne napodobni\u0165 tvar zuba<\/p>\n<\/li>\n<\/ul>\n<p>&nbsp;<\/p>\n<p class=\"p1\">\n<h3><b>Mo\u017en\u00e9 nev\u00fdhody<\/b><\/h3>\n<p class=\"p3\">U niektor\u00fdch pacientov sa m\u00f4\u017ee do\u010dasne objavi\u0165 <span class=\"s2\"><b>citlivos\u0165 na studen\u00e9 podnety<\/b><\/span>, ktor\u00e1 zvy\u010dajne ust\u00fapi v priebehu nieko\u013ek\u00fdch t\u00fd\u017ed\u0148ov. V ojedinel\u00fdch pr\u00edpadoch m\u00f4\u017ee by\u0165 potrebn\u00e9 zvoli\u0165 in\u00e9 rie\u0161enie.<\/p>\n<h3><\/h3>\n<h3><b>Cena<\/b><\/h3>\n<p class=\"p3\">Biele kompozitn\u00e9 v\u00fdplne na zadn\u00fdch zuboch <span class=\"s2\"><b>nie s\u00fa hraden\u00e9 zdravotnou pois\u0165ov\u0148ou<\/b><\/span>.<\/p>\n<p class=\"p3\">Cena sa odv\u00edja od ve\u013ekosti a umiestnenia v\u00fdplne a pohybuje sa <span class=\"s2\"><b>od 22 \u20ac do 80 \u20ac<\/b><\/span>.<\/p>\n<\/div>\n\t\t<\/div><\/div><\/div><div id=\"pgc-gb3143-69f4a9ecdb576-0-1\"  class=\"panel-grid-cell\" ><div id=\"panel-gb3143-69f4a9ecdb576-0-1-0\" class=\"so-panel widget widget_orion_image_w panel-first-child panel-last-child\" data-index=\"1\" ><div class=\"orion custom default panel-widget-style panel-widget-style-for-gb3143-69f4a9ecdb576-0-1-0\" ><div\n\t\t\t\n\t\t\tclass=\"so-widget-orion_image_w so-widget-orion_image_w-base\"\n\t\t\t\n\t\t>\r\n<div class=\"image-w relative rounded\">\r\n\r\n\t\t\t\t\t\t\t<div class=\"orion_circle image-wrap rounded overlay-none overlay-hover-none\">\r\n\t\t\r\n\t\t\t\t<div class=\"circle-wrap\">\r\n\t\t\t\t\t<img loading=\"lazy\" decoding=\"async\" width=\"750\" height=\"750\" src=\"https:\/\/www.eurodental.sk\/wp-content\/uploads\/2026\/02\/image-7-750x750.png\" class=\"attachment-orion_square size-orion_square\" alt=\"\" \/>\t\t\t<div class=\"overlay\"><\/div>\r\n\t\t\t\t<\/div>\r\n\t\t\r\n\t\t\t\t\t<\/div>\r\n\t\t\t\r\n\t\r\n\t<div class=\"absolute\">\r\n\t\t<div class=\"hover-desc table-wrap\">\r\n\t\t\t<div class=\"cell-wrap\">\r\n\t\t\t\t<h4 class=\"text-light\"><\/h4>\r\n\t\t\t<\/div>\r\n\t\t<\/div>\r\n\t<\/div>\t\t\t\t\t\r\n<\/div>\r\n\r\n<\/div><\/div><\/div><\/div><\/div><\/div><\/div>","protected":false},"excerpt":{"rendered":"<p>Plomba (v\u00fdplne zubov) Zubn\u00e9 v\u00fdplne sl\u00fa\u017eia na o\u0161etrenie zubn\u00e9ho kazu alebo po\u0161koden\u00e9ho zubn\u00e9ho tkaniva. V s\u00fa\u010dasnosti s\u00fa naj\u010dastej\u0161ou vo\u013ebou biele (kompozitn\u00e9) v\u00fdplne, ktor\u00e9 sa vyzna\u010duj\u00fa prirodzen\u00fdm vzh\u013eadom a dobrou trv\u00e1cnos\u0165ou. V\u010faka tomu \u010dasto nie je mo\u017en\u00e9 rozozna\u0165 v\u00fdpl\u0148 od vlastn\u00e9ho zuba. Biele kompozitn\u00e9 v\u00fdplne Modern\u00e9 kompozitn\u00e9 materi\u00e1ly s\u00fa pevn\u00e9, odoln\u00e9 a via\u017eu sa priamo na<\/p>\n","protected":false},"author":1,"featured_media":0,"parent":0,"menu_order":0,"comment_status":"closed","ping_status":"closed","template":"","meta":{"footnotes":""},"class_list":["post-3143","page","type-page","status-publish","hentry"],"_links":{"self":[{"href":"https:\/\/www.eurodental.sk\/index.php?rest_route=\/wp\/v2\/pages\/3143","targetHints":{"allow":["GET"]}}],"collection":[{"href":"https:\/\/www.eurodental.sk\/index.php?rest_route=\/wp\/v2\/pages"}],"about":[{"href":"https:\/\/www.eurodental.sk\/index.php?rest_route=\/wp\/v2\/types\/page"}],"author":[{"embeddable":true,"href":"https:\/\/www.eurodental.sk\/index.php?rest_route=\/wp\/v2\/users\/1"}],"replies":[{"embeddable":true,"href":"https:\/\/www.eurodental.sk\/index.php?rest_route=%2Fwp%2Fv2%2Fcomments&post=3143"}],"version-history":[{"count":5,"href":"https:\/\/www.eurodental.sk\/index.php?rest_route=\/wp\/v2\/pages\/3143\/revisions"}],"predecessor-version":[{"id":3477,"href":"https:\/\/www.eurodental.sk\/index.php?rest_route=\/wp\/v2\/pages\/3143\/revisions\/3477"}],"wp:attachment":[{"href":"https:\/\/www.eurodental.sk\/index.php?rest_route=%2Fwp%2Fv2%2Fmedia&parent=3143"}],"curies":[{"name":"wp","href":"https:\/\/api.w.org\/{rel}","templated":true}]}}