{"id":3140,"date":"2025-12-10T00:11:44","date_gmt":"2025-12-09T23:11:44","guid":{"rendered":"http:\/\/temp.eurodental.sk\/?page_id=3140"},"modified":"2026-03-13T09:54:22","modified_gmt":"2026-03-13T08:54:22","slug":"preventivne-vyplne","status":"publish","type":"page","link":"https:\/\/www.eurodental.sk\/?page_id=3140","title":{"rendered":"Prevent\u00edvne v\u00fdplne"},"content":{"rendered":"<div id=\"pl-gb3140-69f4a9c319ae3\"  class=\"panel-layout\" ><div id=\"pg-gb3140-69f4a9c319ae3-0\"  class=\"panel-grid panel-has-style\" ><div class=\"divider-no-animation tablet-default mobile-default desktop-default custom panel-row-style panel-row-style-for-gb3140-69f4a9c319ae3-0\" ><div id=\"pgc-gb3140-69f4a9c319ae3-0-0\"  class=\"panel-grid-cell\" ><div id=\"panel-gb3140-69f4a9c319ae3-0-0-0\" class=\"so-panel widget widget_text panel-first-child panel-last-child\" data-index=\"0\" ><div class=\"orion custom default panel-widget-style panel-widget-style-for-gb3140-69f4a9c319ae3-0-0-0\" >\t\t\t<div class=\"textwidget\"><p class=\"p1\">\n<h2><b>Prevent\u00edvne v\u00fdplne \u2013 pe\u010datenie zubov<\/b><\/h2>\n<p class=\"p3\">Pe\u010datenie zubov je <span class=\"s2\"><b>bezpe\u010dn\u00e9 a bezbolestn\u00e9 prevent\u00edvne o\u0161etrenie<\/b><\/span>, ktor\u00e9 chr\u00e1ni trval\u00e9 zuby \u2013 najm\u00e4 u det\u00ed \u2013 pred vznikom zubn\u00e9ho kazu. Na \u017euvacie pl\u00f4\u0161ky zadn\u00fdch zubov sa aplikuje <span class=\"s2\"><b>ochrann\u00fd plastick\u00fd n\u00e1ter (pe\u010datidlo)<\/b><\/span>, ktor\u00fd zabra\u0148uje usadzovaniu bakt\u00e9ri\u00ed a zvy\u0161kov potravy v \u0165a\u017eko dostupn\u00fdch ryh\u00e1ch a jamk\u00e1ch.<\/p>\n<h3><\/h3>\n<h3><b>Ktor\u00e9 zuby sa pe\u010datia<\/b><\/h3>\n<p class=\"p3\">Pe\u010datenie sa vykon\u00e1va na <span class=\"s2\"><b>zdrav\u00fdch zadn\u00fdch zuboch<\/b><\/span> \u2013 mol\u00e1roch (stoli\u010dk\u00e1ch) a premol\u00e1roch (\u010drenov\u00fdch zuboch), ktor\u00e9 maj\u00fa hlbok\u00e9 ryhy. O vhodnosti pe\u010datenia rozhodne zubn\u00fd lek\u00e1r po vy\u0161etren\u00ed.<\/p>\n<h3><\/h3>\n<h3><b>Ako prebieha z\u00e1krok<\/b><\/h3>\n<p class=\"p3\">Z\u00e1krok je r\u00fdchly a jednoduch\u00fd:<\/p>\n<ul>\n<li>\n<p class=\"p1\">d\u00f4kladn\u00e9 vy\u010distenie zuba<\/p>\n<\/li>\n<li>\n<p class=\"p1\">aplik\u00e1cia \u0161peci\u00e1lneho roztoku<\/p>\n<\/li>\n<li>\n<p class=\"p1\">nanesenie pe\u010datidla<\/p>\n<\/li>\n<li>\n<p class=\"p1\">vytvrdenie UV svetlom<\/p>\n<\/li>\n<\/ul>\n<p class=\"p4\"><span class=\"s3\">Cel\u00fd proces trv\u00e1 <\/span><b>len nieko\u013eko min\u00fat na jeden zub<\/b><span class=\"s3\">.<\/span><\/p>\n<p class=\"p1\">\n<h3><b>Je pe\u010datenie bolestiv\u00e9?<\/b><\/h3>\n<p class=\"p3\">Nie. Ide o <span class=\"s2\"><b>\u00faplne bezbolestn\u00fa proced\u00faru<\/b><\/span>, ktor\u00fa deti zn\u00e1\u0161aj\u00fa bez probl\u00e9mov.<\/p>\n<h3><\/h3>\n<h3><b>\u017divotnos\u0165 pe\u010datidiel<\/b><\/h3>\n<p class=\"p3\">Pe\u010datidl\u00e1 vydr\u017eia <span class=\"s2\"><b>nieko\u013eko rokov<\/b><\/span>. Pri pravideln\u00fdch prevent\u00edvnych prehliadkach lek\u00e1r kontroluje ich stav a v pr\u00edpade potreby ich oprav\u00ed alebo vymen\u00ed.<\/p>\n<h3><\/h3>\n<h3><b>Kedy je pe\u010datenie vhodn\u00e9<\/b><\/h3>\n<p class=\"p3\">Pe\u010datenie sa odpor\u00fa\u010da po prerezan\u00ed:<\/p>\n<ul>\n<li>\n<p class=\"p1\">prv\u00fdch trval\u00fdch zubov (cca <span class=\"s1\"><b>6\u20137 rokov<\/b><\/span>),<\/p>\n<\/li>\n<li>\n<p class=\"p1\">ostatn\u00fdch trval\u00fdch zubov (cca <span class=\"s1\"><b>11\u201314 rokov<\/b><\/span>).<\/p>\n<\/li>\n<\/ul>\n<h3><\/h3>\n<h3><b>Cena<\/b><\/h3>\n<p class=\"p3\">Pe\u010datenie nie je hraden\u00e9 zdravotnou pois\u0165ov\u0148ou. Cena sa m\u00f4\u017ee l\u00ed\u0161i\u0165 pod\u013ea ordin\u00e1cie, ide v\u0161ak o o\u0161etrenie s <span class=\"s2\"><b>vysokou prevent\u00edvnou hodnotou<\/b><\/span>, ktor\u00e9 v\u00fdrazne zni\u017euje riziko vzniku zubn\u00e9ho kazu.<\/p>\n<\/div>\n\t\t<\/div><\/div><\/div><div id=\"pgc-gb3140-69f4a9c319ae3-0-1\"  class=\"panel-grid-cell\" ><div id=\"panel-gb3140-69f4a9c319ae3-0-1-0\" class=\"so-panel widget widget_orion_empty_space_w panel-first-child\" data-index=\"1\" ><div class=\"orion custom default panel-widget-style panel-widget-style-for-gb3140-69f4a9c319ae3-0-1-0\" ><div\n\t\t\t\n\t\t\tclass=\"so-widget-orion_empty_space_w so-widget-orion_empty_space_w-base\"\n\t\t\t\n\t\t>\t<div class=\"row empty-space visible-lg visible-md visible-sm visible-xs\" style=\"height:83px;\">\r\n\t<\/div><\/div><\/div><\/div><div id=\"panel-gb3140-69f4a9c319ae3-0-1-1\" class=\"so-panel widget widget_orion_image_w panel-last-child\" data-index=\"2\" ><div class=\"orion custom default panel-widget-style panel-widget-style-for-gb3140-69f4a9c319ae3-0-1-1\" ><div\n\t\t\t\n\t\t\tclass=\"so-widget-orion_image_w so-widget-orion_image_w-base\"\n\t\t\t\n\t\t>\r\n<div class=\"image-w relative rounded\">\r\n\r\n\t\t\t\t\t\t\t<div class=\"orion_circle image-wrap rounded overlay-none overlay-hover-none\">\r\n\t\t\r\n\t\t\t\t<div class=\"circle-wrap\">\r\n\t\t\t\t\t<img loading=\"lazy\" decoding=\"async\" width=\"750\" height=\"750\" src=\"https:\/\/www.eurodental.sk\/wp-content\/uploads\/2026\/02\/image-6-e1771249469929-750x750.png\" class=\"attachment-orion_square size-orion_square\" alt=\"\" \/>\t\t\t<div class=\"overlay\"><\/div>\r\n\t\t\t\t<\/div>\r\n\t\t\r\n\t\t\t\t\t<\/div>\r\n\t\t\t\r\n\t\r\n\t<div class=\"absolute\">\r\n\t\t<div class=\"hover-desc table-wrap\">\r\n\t\t\t<div class=\"cell-wrap\">\r\n\t\t\t\t<h4 class=\"text-light\"><\/h4>\r\n\t\t\t<\/div>\r\n\t\t<\/div>\r\n\t<\/div>\t\t\t\t\t\r\n<\/div>\r\n\r\n<\/div><\/div><\/div><\/div><\/div><\/div><\/div>","protected":false},"excerpt":{"rendered":"<p>Prevent\u00edvne v\u00fdplne \u2013 pe\u010datenie zubov Pe\u010datenie zubov je bezpe\u010dn\u00e9 a bezbolestn\u00e9 prevent\u00edvne o\u0161etrenie, ktor\u00e9 chr\u00e1ni trval\u00e9 zuby \u2013 najm\u00e4 u det\u00ed \u2013 pred vznikom zubn\u00e9ho kazu. Na \u017euvacie pl\u00f4\u0161ky zadn\u00fdch zubov sa aplikuje ochrann\u00fd plastick\u00fd n\u00e1ter (pe\u010datidlo), ktor\u00fd zabra\u0148uje usadzovaniu bakt\u00e9ri\u00ed a zvy\u0161kov potravy v \u0165a\u017eko dostupn\u00fdch ryh\u00e1ch a jamk\u00e1ch. Ktor\u00e9 zuby sa pe\u010datia Pe\u010datenie<\/p>\n","protected":false},"author":1,"featured_media":0,"parent":0,"menu_order":0,"comment_status":"closed","ping_status":"closed","template":"","meta":{"footnotes":""},"class_list":["post-3140","page","type-page","status-publish","hentry"],"_links":{"self":[{"href":"https:\/\/www.eurodental.sk\/index.php?rest_route=\/wp\/v2\/pages\/3140","targetHints":{"allow":["GET"]}}],"collection":[{"href":"https:\/\/www.eurodental.sk\/index.php?rest_route=\/wp\/v2\/pages"}],"about":[{"href":"https:\/\/www.eurodental.sk\/index.php?rest_route=\/wp\/v2\/types\/page"}],"author":[{"embeddable":true,"href":"https:\/\/www.eurodental.sk\/index.php?rest_route=\/wp\/v2\/users\/1"}],"replies":[{"embeddable":true,"href":"https:\/\/www.eurodental.sk\/index.php?rest_route=%2Fwp%2Fv2%2Fcomments&post=3140"}],"version-history":[{"count":9,"href":"https:\/\/www.eurodental.sk\/index.php?rest_route=\/wp\/v2\/pages\/3140\/revisions"}],"predecessor-version":[{"id":3517,"href":"https:\/\/www.eurodental.sk\/index.php?rest_route=\/wp\/v2\/pages\/3140\/revisions\/3517"}],"wp:attachment":[{"href":"https:\/\/www.eurodental.sk\/index.php?rest_route=%2Fwp%2Fv2%2Fmedia&parent=3140"}],"curies":[{"name":"wp","href":"https:\/\/api.w.org\/{rel}","templated":true}]}}